{"id":4809,"date":"2025-03-07T17:56:28","date_gmt":"2025-03-07T17:56:28","guid":{"rendered":"https:\/\/lemon.guestgrow.pt\/?page_id=4809"},"modified":"2026-02-03T15:12:12","modified_gmt":"2026-02-03T15:12:12","slug":"politica-de-privacidade","status":"publish","type":"page","link":"https:\/\/oportolemonfarm.com\/de\/politica-de-privacidade\/","title":{"rendered":"Datenschutzbestimmungen"},"content":{"rendered":"<div data-elementor-type=\"wp-page\" data-elementor-id=\"4809\" class=\"elementor elementor-4809\" data-elementor-post-type=\"page\">\n\t\t\t\t<div class=\"elementor-element elementor-element-76af99a e-con-full e-flex e-con e-parent\" data-id=\"76af99a\" data-element_type=\"container\" data-e-type=\"container\" data-settings=\"{&quot;background_background&quot;:&quot;classic&quot;}\">\n\t\t\t\t<div class=\"elementor-element elementor-element-50ff209 elementor-invisible elementor-widget elementor-widget-heading\" data-id=\"50ff209\" data-element_type=\"widget\" data-e-type=\"widget\" data-settings=\"{&quot;_animation&quot;:&quot;fadeIn&quot;}\" data-widget_type=\"heading.default\">\n\t\t\t\t\t<h1 class=\"elementor-heading-title elementor-size-default\">Datenschutzbestimmungen<\/h1>\t\t\t\t<\/div>\n\t\t\t\t<\/div>\n\t\t<div class=\"elementor-element elementor-element-84a0a7b e-flex e-con-boxed e-con e-parent\" data-id=\"84a0a7b\" data-element_type=\"container\" data-e-type=\"container\">\n\t\t\t\t\t<div class=\"e-con-inner\">\n\t\t\t\t<div class=\"elementor-element elementor-element-a4aa8b9 elementor-invisible elementor-widget elementor-widget-text-editor\" data-id=\"a4aa8b9\" data-element_type=\"widget\" data-e-type=\"widget\" data-settings=\"{&quot;_animation&quot;:&quot;fadeIn&quot;}\" data-widget_type=\"text-editor.default\">\n\t\t\t\t\t\t\t\t\t<div data-id=\"71bcfcd\" data-element_type=\"container\"><div><div data-id=\"944d785\" data-element_type=\"widget\" data-widget_type=\"heading.default\"><div><h3>Informationen, die wir sammeln<\/h3><\/div><\/div><div data-id=\"b7d9521\" data-element_type=\"widget\" data-widget_type=\"text-editor.default\"><div><p>Wir sammeln personenbezogene Daten, die Sie uns direkt zur Verf\u00fcgung stellen, wie z. B.:<\/p><ul><li>Name<\/li><li>E-Mail Adresse<\/li><li>Zahlungsinformationen (verarbeitet durch Drittanbieterdienste wie Stripe und PayPal)<\/li><li>Buchungsdetails (Daten, Art der Einheit, etc.)<br \/><br \/><\/li><\/ul><p>Dar\u00fcber hinaus k\u00f6nnen wir automatisch Daten wie Browsing-Informationen (IP-Adresse, Ger\u00e4tetyp, Betriebssystem usw.) durch Cookies und \u00e4hnliche Technologien erfassen.<\/p><\/div><\/div><\/div><\/div><div data-id=\"61b06f6\" data-element_type=\"container\"><div><div data-id=\"3646859\" data-element_type=\"widget\" data-widget_type=\"heading.default\"><div><h3>Wie wir Ihre Informationen verwenden<\/h3><\/div><\/div><div data-id=\"0ba32cb\" data-element_type=\"widget\" data-widget_type=\"text-editor.default\"><div><p>Wir verwenden Ihre Informationen, um:<\/p><ul><li>Bearbeitung und Best\u00e4tigung von Buchungen<\/li><li>Verwalten Sie Ihren Aufenthalt<\/li><li>Verbesserung unserer Dienstleistungen und des Kundenerlebnisses<\/li><li>Versenden von Mitteilungen \u00fcber Buchungen, Werbeaktionen und Aktualisierungen<\/li><li>Einhaltung der rechtlichen Verpflichtungen<\/li><\/ul><\/div><\/div><\/div><\/div><div data-id=\"b98e002\" data-element_type=\"container\"><div><div data-id=\"40b97db\" data-element_type=\"widget\" data-widget_type=\"heading.default\"><div><h3>Gemeinsame Nutzung von Daten<\/h3><\/div><\/div><div data-id=\"a76928b\" data-element_type=\"widget\" data-widget_type=\"text-editor.default\"><div><p>Wir verkaufen Ihre pers\u00f6nlichen Daten nicht. Wir k\u00f6nnen Ihre Informationen weitergeben an:<\/p><ul><li>Dienstleister (z. B. Zahlungssysteme, Hosting-Dienste), die uns beim Betrieb unserer Website und bei der Bereitstellung von Dienstleistungen helfen.<\/li><li>Gesetzliche Beh\u00f6rden, falls erforderlich, um die gesetzlichen Bestimmungen einzuhalten.<br \/><br \/><\/li><\/ul><\/div><\/div><\/div><\/div><div data-id=\"dc6d656\" data-element_type=\"container\"><div><div data-id=\"88db827\" data-element_type=\"widget\" data-widget_type=\"heading.default\"><div><h3>Sicherheit der Daten<\/h3><\/div><\/div><div data-id=\"3cfdacd\" data-element_type=\"widget\" data-widget_type=\"text-editor.default\"><div><p>Wir haben angemessene Sicherheitsma\u00dfnahmen ergriffen, um Ihre pers\u00f6nlichen Daten vor unbefugtem Zugriff, Ver\u00e4nderung, Offenlegung oder Zerst\u00f6rung zu sch\u00fctzen.<br \/><br \/><\/p><\/div><\/div><\/div><\/div><div data-id=\"af97d1c\" data-element_type=\"container\"><div><div data-id=\"de51040\" data-element_type=\"widget\" data-widget_type=\"heading.default\"><div><h3>Benutzerrechte<\/h3><\/div><\/div><div data-id=\"214f28a\" data-element_type=\"widget\" data-widget_type=\"text-editor.default\"><div><p>Der Nutzer hat das Recht auf:<\/p><ul><li>Zugang zu Ihren pers\u00f6nlichen Informationen<\/li><li>Beantragung der Berichtigung unrichtiger Informationen<\/li><li>die L\u00f6schung Ihrer pers\u00f6nlichen Daten zu verlangen, vorbehaltlich bestimmter Ausnahmen<\/li><li>gegebenenfalls Ihre Zustimmung zur Verwendung der Daten zu widerrufen<\/li><\/ul><p>Um diese Rechte auszu\u00fcben, wenden Sie sich bitte an uns unter Verwendung der unten angegebenen Informationen.<br \/><br \/><\/p><\/div><\/div><\/div><\/div><div data-id=\"973bb7c\" data-element_type=\"container\"><div><div data-id=\"a106d2c\" data-element_type=\"widget\" data-widget_type=\"heading.default\"><div><h3>Cookies<\/h3><\/div><\/div><div data-id=\"7ab9889\" data-element_type=\"widget\" data-widget_type=\"text-editor.default\"><div><p>Wir verwenden Cookies, um die Nutzererfahrung auf unserer Website zu verbessern. Sie k\u00f6nnen Ihren Browser so einstellen, dass er Cookies ablehnt, aber das kann Ihr Surferlebnis beeintr\u00e4chtigen.<br \/><br \/><\/p><\/div><\/div><\/div><\/div><div data-id=\"f42ff07\" data-element_type=\"container\"><div data-id=\"3af948f\" data-element_type=\"widget\" data-widget_type=\"heading.default\"><div><h3>\u00c4nderungen an dieser Politik<\/h3><\/div><\/div><div data-id=\"82db489\" data-element_type=\"widget\" data-widget_type=\"text-editor.default\"><div><p>Wir k\u00f6nnen diese Datenschutzrichtlinie von Zeit zu Zeit aktualisieren. Wir werden Sie \u00fcber wesentliche \u00c4nderungen \u00fcber unsere Website oder per E-Mail informieren.<br \/><br \/><\/p><\/div><div data-id=\"8d9ec7b\" data-element_type=\"container\"><div><div data-id=\"bbcb570\" data-element_type=\"widget\" data-widget_type=\"heading.default\"><div><h3>Was sind Cookies?<\/h3><\/div><\/div><div data-id=\"fbc98b9\" data-element_type=\"widget\" data-widget_type=\"text-editor.default\"><div><p>Cookies sind kleine Textdateien, die auf Ihrem Ger\u00e4t (Computer, Tablet, Smartphone) gespeichert werden, wenn Sie eine Website besuchen. Sie helfen der Website, Ihr Ger\u00e4t zu erkennen und Ihr Surferlebnis zu verbessern.<br \/><br \/><\/p><\/div><\/div><\/div><\/div><div data-id=\"09bd312\" data-element_type=\"container\"><div><div data-id=\"98b51be\" data-element_type=\"widget\" data-widget_type=\"heading.default\"><div><h3>Verwendete Arten von Cookies<\/h3><\/div><\/div><div data-id=\"2be0b17\" data-element_type=\"widget\" data-widget_type=\"text-editor.default\"><div><p>Wir verwenden die folgenden Arten von Cookies:<\/p><ul><li><strong>Cookies erforderlich:<\/strong> Unerl\u00e4sslich f\u00fcr das Funktionieren der Website, um Ihnen die Navigation und die Nutzung ihrer Funktionen zu erm\u00f6glichen.<\/li><li><strong>Leistungs-Cookies:<\/strong> Sie sammeln Informationen dar\u00fcber, wie die Besucher die Website nutzen, und helfen uns zu verstehen, welche Bereiche am beliebtesten sind und wie wir unsere Inhalte verbessern k\u00f6nnen.<\/li><li><strong>Funktionale Cookies:<\/strong> Sie erm\u00f6glichen es der Website, sich an die Vorlieben des Nutzers zu erinnern und das Nutzererlebnis zu personalisieren.<\/li><li><strong>Werbe-Cookies:<\/strong> Wird verwendet, um relevante Werbung auf der Grundlage der Interessen des Nutzers anzuzeigen und die Wirksamkeit von Werbekampagnen zu messen.<br \/><br \/><\/li><\/ul><\/div><\/div><\/div><\/div><div data-id=\"2b8d18c\" data-element_type=\"container\"><div><div data-id=\"9654efb\" data-element_type=\"widget\" data-widget_type=\"heading.default\"><div><h3>Cookies von Dritten<\/h3><\/div><\/div><div data-id=\"ad08462\" data-element_type=\"widget\" data-widget_type=\"text-editor.default\"><div><p>Zus\u00e4tzlich zu den von uns verwendeten Cookies k\u00f6nnen auch Dritte (z. B. Analyse- und Werbedienste) Cookies auf Ihrem Ger\u00e4t platzieren. Wir haben keine Kontrolle \u00fcber diese Cookies, daher sollten Sie die Datenschutzrichtlinien der Drittanbieter f\u00fcr weitere Informationen konsultieren.<br \/><br \/><\/p><\/div><\/div><\/div><\/div><div data-id=\"9fd1a78\" data-element_type=\"container\"><div><div data-id=\"ba40dfa\" data-element_type=\"widget\" data-widget_type=\"heading.default\"><div><h3>Verwaltung von Cookies<\/h3><\/div><\/div><div data-id=\"d5e3c3e\" data-element_type=\"widget\" data-widget_type=\"text-editor.default\"><div><p>Sie k\u00f6nnen Cookies auf verschiedene Weise kontrollieren und verwalten:<\/p><ul><li><strong>Browser-Einstellungen:<\/strong> Bei den meisten Browsern k\u00f6nnen Sie Cookies ablehnen oder bereits gespeicherte Cookies l\u00f6schen. Weitere Informationen finden Sie im Hilfemen\u00fc Ihres Browsers.<\/li><li><strong>Option zum L\u00f6schen von Cookies:<\/strong> Sie k\u00f6nnen Werbe-Cookies ablehnen, indem Sie die auf den Werbe-Websites verf\u00fcgbaren Opt-out-Tools verwenden.<br \/><br \/><\/li><\/ul><\/div><\/div><\/div><\/div><div data-id=\"24a12a7\" data-element_type=\"container\"><div><div data-id=\"7b83472\" data-element_type=\"widget\" data-widget_type=\"heading.default\"><div><h3>\u00c4nderungen an dieser Cookie-Richtlinie<\/h3><\/div><\/div><div data-id=\"0ae9e2a\" data-element_type=\"widget\" data-widget_type=\"text-editor.default\"><div><p>Wir k\u00f6nnen diese Cookie-Richtlinie von Zeit zu Zeit aktualisieren. Wir werden Sie \u00fcber alle \u00c4nderungen informieren, indem wir die neue Richtlinie auf unserer Website ver\u00f6ffentlichen. Wir empfehlen Ihnen, diese Richtlinie regelm\u00e4\u00dfig zu lesen, um \u00fcber unsere Verwendung von Cookies informiert zu bleiben.<br \/><br \/><\/p><\/div><\/div><\/div><\/div><div data-id=\"4edcd7b\" data-element_type=\"container\"><div data-id=\"e305086\" data-element_type=\"widget\" data-widget_type=\"heading.default\"><div><h3>Kontakt<\/h3><\/div><\/div><div data-id=\"23f3e11\" data-element_type=\"widget\" data-widget_type=\"text-editor.default\"><p>Wenn Sie Fragen zu dieser Cookie-Richtlinie haben, wenden Sie sich bitte an uns:<\/p><ul><li><strong>E-Mail:<\/strong> casadoslimoes2022@gmail.com<\/li><li><strong>Anschrift:<\/strong> Rua da Ribeira, - Valpedre, Penafiel<\/li><\/ul><\/div><\/div><\/div><\/div>\t\t\t\t\t\t\t\t<\/div>\n\t\t\t\t\t<\/div>\n\t\t\t\t<\/div>\n\t\t<div class=\"elementor-element elementor-element-441a54ec elementor-hidden-desktop elementor-hidden-tablet e-flex e-con-boxed e-con e-parent\" data-id=\"441a54ec\" data-element_type=\"container\" data-e-type=\"container\" data-settings=\"{&quot;position&quot;:&quot;fixed&quot;,&quot;background_background&quot;:&quot;classic&quot;}\">\n\t\t\t\t\t<div class=\"e-con-inner\">\n\t\t\t\t<div class=\"elementor-element elementor-element-6e76639a ggbf-open-form elementor-widget elementor-widget-heading\" data-id=\"6e76639a\" data-element_type=\"widget\" data-e-type=\"widget\" data-widget_type=\"heading.default\">\n\t\t\t\t\t<h5 class=\"elementor-heading-title elementor-size-default\"><a href=\"#\">Buchen Sie Ihren Aufenthalt<\/a><\/h5>\t\t\t\t<\/div>\n\t\t\t\t\t<\/div>\n\t\t\t\t<\/div>\n\t\t\t\t<\/div>","protected":false},"excerpt":{"rendered":"<p>Pol\u00edtica de privacidade Informa\u00e7\u00f5es que recolhemos Recolhemos informa\u00e7\u00f5es pessoais que o utilizador nos fornece diretamente, tais como: Nome Endere\u00e7o de correio eletr\u00f3nico Informa\u00e7\u00f5es de pagamento (processadas atrav\u00e9s de servi\u00e7os de terceiros, como Stripe e PayPal) Detalhes da reserva (datas, tipo de unidade, etc.) Al\u00e9m disso, podemos recolher automaticamente dados como informa\u00e7\u00f5es de navega\u00e7\u00e3o (endere\u00e7o IP, [&hellip;]<\/p>","protected":false},"author":1,"featured_media":0,"parent":0,"menu_order":0,"comment_status":"closed","ping_status":"closed","template":"","meta":{"iawp_total_views":61,"footnotes":""},"class_list":["post-4809","page","type-page","status-publish","hentry"],"_links":{"self":[{"href":"https:\/\/oportolemonfarm.com\/de\/wp-json\/wp\/v2\/pages\/4809","targetHints":{"allow":["GET"]}}],"collection":[{"href":"https:\/\/oportolemonfarm.com\/de\/wp-json\/wp\/v2\/pages"}],"about":[{"href":"https:\/\/oportolemonfarm.com\/de\/wp-json\/wp\/v2\/types\/page"}],"author":[{"embeddable":true,"href":"https:\/\/oportolemonfarm.com\/de\/wp-json\/wp\/v2\/users\/1"}],"replies":[{"embeddable":true,"href":"https:\/\/oportolemonfarm.com\/de\/wp-json\/wp\/v2\/comments?post=4809"}],"version-history":[{"count":0,"href":"https:\/\/oportolemonfarm.com\/de\/wp-json\/wp\/v2\/pages\/4809\/revisions"}],"wp:attachment":[{"href":"https:\/\/oportolemonfarm.com\/de\/wp-json\/wp\/v2\/media?parent=4809"}],"curies":[{"name":"wp","href":"https:\/\/api.w.org\/{rel}","templated":true}]}}