{"id":4811,"date":"2025-03-07T17:56:58","date_gmt":"2025-03-07T17:56:58","guid":{"rendered":"https:\/\/lemon.guestgrow.pt\/?page_id=4811"},"modified":"2026-02-03T15:10:17","modified_gmt":"2026-02-03T15:10:17","slug":"termos-e-condicoes","status":"publish","type":"page","link":"https:\/\/oportolemonfarm.com\/de\/termos-e-condicoes\/","title":{"rendered":"Termos e Condi\u00e7\u00f5es"},"content":{"rendered":"<div data-elementor-type=\"wp-page\" data-elementor-id=\"4811\" class=\"elementor elementor-4811\" data-elementor-post-type=\"page\">\n\t\t\t\t<div class=\"elementor-element elementor-element-ef663ca e-con-full e-flex e-con e-parent\" data-id=\"ef663ca\" data-element_type=\"container\" data-e-type=\"container\" data-settings=\"{&quot;background_background&quot;:&quot;classic&quot;}\">\n\t\t\t\t<div class=\"elementor-element elementor-element-66ffdf8 elementor-invisible elementor-widget elementor-widget-heading\" data-id=\"66ffdf8\" data-element_type=\"widget\" data-e-type=\"widget\" data-settings=\"{&quot;_animation&quot;:&quot;fadeIn&quot;}\" data-widget_type=\"heading.default\">\n\t\t\t\t\t<h1 class=\"elementor-heading-title elementor-size-default\">Bedingungen und Konditionen<\/h1>\t\t\t\t<\/div>\n\t\t\t\t<\/div>\n\t\t<div class=\"elementor-element elementor-element-ec0b599 e-flex e-con-boxed e-con e-parent\" data-id=\"ec0b599\" data-element_type=\"container\" data-e-type=\"container\">\n\t\t\t\t\t<div class=\"e-con-inner\">\n\t\t\t\t<div class=\"elementor-element elementor-element-dd7536c elementor-invisible elementor-widget elementor-widget-text-editor\" data-id=\"dd7536c\" data-element_type=\"widget\" data-e-type=\"widget\" data-settings=\"{&quot;_animation&quot;:&quot;fadeIn&quot;}\" data-widget_type=\"text-editor.default\">\n\t\t\t\t\t\t\t\t\t<h3>Buchungsbedingungen<\/h3><p>Wenn Sie bei uns eine Buchung vornehmen, erkl\u00e4ren Sie (der Hauptgast) und Ihre Buchungsgruppe (G\u00e4ste) sich mit den folgenden Bedingungen einverstanden. W\u00e4hrend Ihres Aufenthalts verpflichten Sie sich, die nachfolgenden Bedingungen einzuhalten. Wenn Sie Fragen zur Buchung bei uns haben, kontaktieren Sie uns bitte, bevor Sie eine Reservierung vornehmen.<br \/><br \/><\/p><h3>Buchungsprozess<\/h3><p>Um eine Buchung bei uns vorzunehmen, muss der Hauptgast mindestens 18 Jahre alt sein. Die maximale Anzahl der G\u00e4ste pro Zimmer ist in den Angaben zur Zimmerbelegung auf der Website angegeben. Wenn die Person, die die Reservierung vornimmt, nicht mit dem Hauptgast identisch ist, der die Belegung \u00fcbernimmt, kann die Person, die die Reservierung vornimmt, f\u00fcr Stornierung, Nichtanreise und Sch\u00e4den haftbar gemacht werden, wie dort angegeben. Nur der Hauptgast und die namentlich genannte Buchungspartei sind berechtigt, das Haus und seine Einrichtungen zu nutzen; Dritte haben nur mit unserer ausdr\u00fccklichen Genehmigung Zutritt.<\/p><p>Zahlungen k\u00f6nnen online mit einer Debit-\/Kreditkarte vorgenommen werden. Alle Geb\u00fchren, die uns von unseren Banken f\u00fcr die Bearbeitung nicht eingel\u00f6ster Schecks, \u00dcberweisungen oder sonstiger Zahlungen in Rechnung gestellt werden, m\u00fcssen vom Hauptgast innerhalb von sieben (7) Tagen nach einer entsprechenden Aufforderung erstattet werden.<\/p><p>Alle G\u00e4ste verpflichten sich, die Privatsph\u00e4re und den Frieden aller anderen G\u00e4ste, Nachbarn und Eigent\u00fcmer zu jeder Zeit zu respektieren. Wir behalten uns das Recht vor, eine Buchung mit sofortiger Wirkung zu stornieren, wenn G\u00e4ste diese Vereinbarung nicht einhalten oder andere G\u00e4ste, Nachbarn oder die Eigent\u00fcmer st\u00f6ren \/ bel\u00e4stigen.<br \/><br \/><\/p><h3>Einchecken und Auschecken<\/h3><p>Die G\u00e4ste m\u00fcssen zu den unten angegebenen Zeiten ein- und auschecken.<\/p><p><strong>Einchecken:<\/strong> zwischen 15:00 und 20:00 Uhr<br \/><strong>Auschecken:<\/strong> bis 11.00 Uhr<br \/><br \/><\/p><h3>Stornierungs- und Nichtanreisebedingungen<\/h3><p>G\u00e4ste, die eine Reservierung stornieren m\u00fcssen, sollten uns so schnell wie m\u00f6glich kontaktieren. Bereits geleistete Anzahlungen werden nur unter den folgenden Bedingungen zur\u00fcckerstattet;<\/p><p>Stornierung bis zu 30 Tage vor dem Check-in = kostenlose Stornierung<br \/>Stornierung weniger als 30 Tage vor dem Check-in = keine R\u00fcckerstattung<br \/><span style=\"text-align: var(--text-align); color: var( --e-global-color-text ); font-family: var( --e-global-typography-text-font-family ), Sans-serif; font-size: var( --e-global-typography-text-font-size ); font-weight: var( --e-global-typography-text-font-weight ); text-transform: var( --e-global-typography-text-text-transform );\"><br \/>Es wird empfohlen, dass die buchenden G\u00e4ste gegebenenfalls eine entsprechende Urlaubs- bzw. Reiser\u00fccktrittsversicherung abschlie\u00dfen.<\/span><\/p><p>In dem seltenen Fall, dass wir Ihre Buchung bei uns stornieren m\u00fcssen, beachten Sie bitte, dass wir nicht f\u00fcr Umst\u00e4nde verantwortlich gemacht werden k\u00f6nnen, die sich unserer Kontrolle entziehen, und dass sich unsere Haftung Ihnen gegen\u00fcber auf die R\u00fcckerstattung bereits geleisteter Zahlungen beschr\u00e4nkt.<br \/><br \/><\/p><h3>WiFi-Nutzungsrichtlinie<\/h3><p>Wenn ein WiFi-Internetzugang zur Verf\u00fcgung gestellt wird, verpflichten sich die G\u00e4ste, diesen Internetzugang fair und angemessen zu nutzen. Wir k\u00f6nnen die Netzwerkleistung und die Nutzernutzung \u00fcberwachen, um ein faires und hohes Serviceniveau f\u00fcr alle unsere G\u00e4ste aufrechtzuerhalten.<br \/><br \/><\/p><h3>Besch\u00e4digung und Verlust von Eigentum<\/h3><p>Wir behalten uns das Recht vor, dem Hauptgast alle Sch\u00e4den in Rechnung zu stellen, die im Laufe einer Buchung durch ein Mitglied der buchenden Gruppe verursacht werden. Dazu geh\u00f6ren Bruchsch\u00e4den, versch\u00fcttete Fl\u00fcssigkeiten, Flecken, Sch\u00e4den an M\u00f6beln oder Armaturen. Jeder versehentliche Schaden sollte so schnell wie m\u00f6glich gemeldet werden, um den Schaden und die damit verbundenen Kosten zu minimieren. Bei Verlust von Schl\u00fcsseln\/Zugangskarten wird eine Ersatzgeb\u00fchr pro verlorenem Schl\u00fcssel\/Karte erhoben.<\/p><p>Alle verlorenen Gegenst\u00e4nde, die von G\u00e4sten w\u00e4hrend ihres Aufenthalts zur\u00fcckgelassen werden, werden f\u00fcr einen Zeitraum von 1 Monat aufbewahrt, falls sie gefunden werden. Wir bem\u00fchen uns nach besten Kr\u00e4ften, verlorene Gegenst\u00e4nde wieder zu ihren Besitzern zu bringen, \u00fcbernehmen jedoch keine Verantwortung f\u00fcr den Ersatz verlorener Gegenst\u00e4nde und empfehlen unseren G\u00e4sten, vor der Abreise sicherzustellen, dass sie alle ihre Sachen haben. Wir k\u00f6nnen anbieten, verlorene Gegenst\u00e4nde auf Kosten des Eigent\u00fcmers per Einschreiben zu versenden, andernfalls kann eine Abholung organisiert werden.<br \/><br \/><\/p><h3>Raucher<\/h3><p>Alle Tabakprodukte, einschlie\u00dflich, aber nicht beschr\u00e4nkt auf Zigaretten, Pfeifen, elektronische Zigaretten, E-Liquids, Zigarren und Kautabak, sind nur in den Au\u00dfenbereichen der Unterkunft erlaubt.<br \/><br \/><\/p><h3>Unser Recht auf Widerruf<\/h3><p>Wir behalten uns das Recht vor, jede Buchung ohne Entsch\u00e4digung, Erstattung oder R\u00fcckerstattung zu stornieren, wenn gegen die Bestimmungen dieser Bedingungen versto\u00dfen wird.<\/p>\t\t\t\t\t\t\t\t<\/div>\n\t\t\t\t\t<\/div>\n\t\t\t\t<\/div>\n\t\t<div class=\"elementor-element elementor-element-2ac5613b elementor-hidden-desktop elementor-hidden-tablet e-flex e-con-boxed e-con e-parent\" data-id=\"2ac5613b\" data-element_type=\"container\" data-e-type=\"container\" data-settings=\"{&quot;position&quot;:&quot;fixed&quot;,&quot;background_background&quot;:&quot;classic&quot;}\">\n\t\t\t\t\t<div class=\"e-con-inner\">\n\t\t\t\t<div class=\"elementor-element elementor-element-23de7cf7 ggbf-open-form elementor-widget elementor-widget-heading\" data-id=\"23de7cf7\" data-element_type=\"widget\" data-e-type=\"widget\" data-widget_type=\"heading.default\">\n\t\t\t\t\t<h5 class=\"elementor-heading-title elementor-size-default\"><a href=\"#\">Buchen Sie Ihren Aufenthalt<\/a><\/h5>\t\t\t\t<\/div>\n\t\t\t\t\t<\/div>\n\t\t\t\t<\/div>\n\t\t\t\t<\/div>","protected":false},"excerpt":{"rendered":"<p>Termos e condi\u00e7\u00f5es Termos de Reservas Ao fazer uma reserva connosco, voc\u00ea (o convidado principal) e o seu grupo de reserva (convidados) concordam com os seguintes termos e condi\u00e7\u00f5es, conforme estabelecido. Durante a sua estadia, concorda em respeitar as condi\u00e7\u00f5es subsequentes, conforme estabelecido. Se tiver quaisquer perguntas sobre reservas connosco, queira contactar-nos antes de fazer [&hellip;]<\/p>","protected":false},"author":1,"featured_media":0,"parent":0,"menu_order":0,"comment_status":"closed","ping_status":"closed","template":"","meta":{"iawp_total_views":211,"footnotes":""},"class_list":["post-4811","page","type-page","status-publish","hentry"],"_links":{"self":[{"href":"https:\/\/oportolemonfarm.com\/de\/wp-json\/wp\/v2\/pages\/4811","targetHints":{"allow":["GET"]}}],"collection":[{"href":"https:\/\/oportolemonfarm.com\/de\/wp-json\/wp\/v2\/pages"}],"about":[{"href":"https:\/\/oportolemonfarm.com\/de\/wp-json\/wp\/v2\/types\/page"}],"author":[{"embeddable":true,"href":"https:\/\/oportolemonfarm.com\/de\/wp-json\/wp\/v2\/users\/1"}],"replies":[{"embeddable":true,"href":"https:\/\/oportolemonfarm.com\/de\/wp-json\/wp\/v2\/comments?post=4811"}],"version-history":[{"count":0,"href":"https:\/\/oportolemonfarm.com\/de\/wp-json\/wp\/v2\/pages\/4811\/revisions"}],"wp:attachment":[{"href":"https:\/\/oportolemonfarm.com\/de\/wp-json\/wp\/v2\/media?parent=4811"}],"curies":[{"name":"wp","href":"https:\/\/api.w.org\/{rel}","templated":true}]}}