{"id":4811,"date":"2025-03-07T17:56:58","date_gmt":"2025-03-07T17:56:58","guid":{"rendered":"https:\/\/lemon.guestgrow.pt\/?page_id=4811"},"modified":"2026-02-03T15:10:17","modified_gmt":"2026-02-03T15:10:17","slug":"termos-e-condicoes","status":"publish","type":"page","link":"https:\/\/oportolemonfarm.com\/es\/termos-e-condicoes\/","title":{"rendered":"Condiciones generales"},"content":{"rendered":"<div data-elementor-type=\"wp-page\" data-elementor-id=\"4811\" class=\"elementor elementor-4811\" data-elementor-post-type=\"page\">\n\t\t\t\t<div class=\"elementor-element elementor-element-ef663ca e-con-full e-flex e-con e-parent\" data-id=\"ef663ca\" data-element_type=\"container\" data-e-type=\"container\" data-settings=\"{&quot;background_background&quot;:&quot;classic&quot;}\">\n\t\t\t\t<div class=\"elementor-element elementor-element-66ffdf8 elementor-invisible elementor-widget elementor-widget-heading\" data-id=\"66ffdf8\" data-element_type=\"widget\" data-e-type=\"widget\" data-settings=\"{&quot;_animation&quot;:&quot;fadeIn&quot;}\" data-widget_type=\"heading.default\">\n\t\t\t\t\t<h1 class=\"elementor-heading-title elementor-size-default\">Condiciones generales<\/h1>\t\t\t\t<\/div>\n\t\t\t\t<\/div>\n\t\t<div class=\"elementor-element elementor-element-ec0b599 e-flex e-con-boxed e-con e-parent\" data-id=\"ec0b599\" data-element_type=\"container\" data-e-type=\"container\">\n\t\t\t\t\t<div class=\"e-con-inner\">\n\t\t\t\t<div class=\"elementor-element elementor-element-dd7536c elementor-invisible elementor-widget elementor-widget-text-editor\" data-id=\"dd7536c\" data-element_type=\"widget\" data-e-type=\"widget\" data-settings=\"{&quot;_animation&quot;:&quot;fadeIn&quot;}\" data-widget_type=\"text-editor.default\">\n\t\t\t\t\t\t\t\t\t<h3>Condiciones de reserva<\/h3><p>Al hacer una reserva con nosotros, usted (el hu\u00e9sped principal) y su grupo de reserva (hu\u00e9spedes) aceptan los siguientes t\u00e9rminos y condiciones, tal como se establece. Durante su estancia, usted se compromete a cumplir las condiciones subsiguientes, tal y como se establecen. Si tiene alguna duda sobre c\u00f3mo reservar con nosotros, p\u00f3ngase en contacto con nosotros antes de hacer la reserva.<br \/><br \/><\/p><h3>Proceso de reserva<\/h3><p>Para hacer una reserva con nosotros, el hu\u00e9sped principal debe tener al menos 18 a\u00f1os. El n\u00famero m\u00e1ximo de hu\u00e9spedes por habitaci\u00f3n se indica en los datos de ocupaci\u00f3n de la habitaci\u00f3n en el sitio web. Si la persona que efect\u00faa la reserva es distinta del hu\u00e9sped principal que asume la ocupaci\u00f3n, la persona que efect\u00faa la reserva podr\u00e1 ser considerada responsable de la cancelaci\u00f3n, la no llegada y los da\u00f1os seg\u00fan lo establecido. \u00danicamente el hu\u00e9sped principal y el titular de la reserva est\u00e1n autorizados a utilizar la propiedad y sus instalaciones; los visitantes de terceros s\u00f3lo tienen acceso con nuestro permiso expreso.<\/p><p>Los pagos pueden efectuarse en l\u00ednea mediante tarjeta de d\u00e9bito\/cr\u00e9dito. Cualquier cargo que nos cobren nuestros bancos por la gesti\u00f3n de cheques rechazados, transferencias bancarias o cualquier otro pago deber\u00e1 ser reembolsado por el hu\u00e9sped principal en un plazo de siete (7) d\u00edas a partir de la fecha en que se le solicite.<\/p><p>Todos los hu\u00e9spedes se comprometen a respetar la privacidad y la paz de todos los dem\u00e1s hu\u00e9spedes, vecinos y propietarios en todo momento. Nos reservamos el derecho de cancelar una reserva con efecto inmediato si los hu\u00e9spedes no est\u00e1n cumpliendo con este acuerdo o causar molestias \/ inconvenientes a otros hu\u00e9spedes, vecinos o los propietarios.<br \/><br \/><\/p><h3>Registro de entrada y salida<\/h3><p>Los hu\u00e9spedes deber\u00e1n efectuar el registro de entrada y salida en los horarios indicados a continuaci\u00f3n.<\/p><p><strong>Facturaci\u00f3n:<\/strong> entre las 15:00 y las 20:00<br \/><strong>Salida:<\/strong> hasta las 11.00<br \/><br \/><\/p><h3>Condiciones de cancelaci\u00f3n y de no llegada<\/h3><p>Los hu\u00e9spedes que necesiten cancelar una reserva deber\u00e1n ponerse en contacto con nosotros lo antes posible. Los dep\u00f3sitos ya abonados solo se reembolsar\u00e1n en las siguientes condiciones;<\/p><p>Cancelaci\u00f3n efectuada hasta 30 d\u00edas antes del check-in = Cancelaci\u00f3n gratuita<br \/>Cancelaci\u00f3n con menos de 30 d\u00edas de antelaci\u00f3n al check-in = Sin reembolso<br \/><span style=\"text-align: var(--text-align); color: var( --e-global-color-text ); font-family: var( --e-global-typography-text-font-family ), Sans-serif; font-size: var( --e-global-typography-text-font-size ); font-weight: var( --e-global-typography-text-font-weight ); text-transform: var( --e-global-typography-text-text-transform );\"><br \/>Se sugiere a los hu\u00e9spedes que reserven que contraten el seguro de vacaciones\/anulaci\u00f3n correspondiente cuando sea necesario.<\/span><\/p><p>En el raro caso de que tengamos que cancelar su reserva con nosotros, tenga en cuenta que no podemos hacernos responsables de circunstancias ajenas a nuestra voluntad y que nuestra responsabilidad hacia usted se limita al reembolso de cualquier pago ya efectuado.<br \/><br \/><\/p><h3>Pol\u00edtica de uso de WiFi<\/h3><p>Cuando se proporciona acceso a Internet WiFi, los hu\u00e9spedes se comprometen a utilizar este acceso a Internet de forma justa y adecuada. Podemos supervisar el rendimiento de la red y el uso de los usuarios para mantener un nivel de servicio justo y elevado para todos nuestros hu\u00e9spedes.<br \/><br \/><\/p><h3>Da\u00f1os y p\u00e9rdidas materiales<\/h3><p>Nos reservamos el derecho de cobrar al hu\u00e9sped principal por cualquier da\u00f1o causado en el transcurso de una reserva por cualquier miembro del grupo de reserva. Esto incluye roturas, derrames, manchas, da\u00f1os a muebles o accesorios. Cualquier da\u00f1o accidental debe ser notificado lo antes posible con el fin de minimizar los da\u00f1os y los costes asociados. En caso de p\u00e9rdida de llaves o tarjetas de acceso, se cobrar\u00e1 una tarifa de sustituci\u00f3n por cada llave o tarjeta perdida.<\/p><p>Cualquier objeto perdido, si se descubre y se encuentra, dejado por los hu\u00e9spedes durante una estancia se retendr\u00e1 durante un per\u00edodo de 1 mes. Aunque haremos todo lo posible por devolver los objetos perdidos a sus propietarios, no asumimos ninguna responsabilidad por la reposici\u00f3n de los objetos perdidos y animamos a los hu\u00e9spedes a que se aseguren de que tienen todas sus pertenencias antes de marcharse. Podemos enviar los objetos perdidos por correo certificado, a cargo del propietario, o bien organizar su recogida.<br \/><br \/><\/p><h3>Fumadores<\/h3><p>Todos los productos del tabaco, incluidos, entre otros, cigarrillos, pipas, cigarrillos electr\u00f3nicos, e-l\u00edquidos, puros y tabaco de mascar, s\u00f3lo est\u00e1n permitidos en las zonas exteriores del alojamiento.<br \/><br \/><\/p><h3>Nuestro derecho de cancelaci\u00f3n<\/h3><p>Nos reservamos el derecho a cancelar cualquier reserva sin compensaci\u00f3n, reembolso o devoluci\u00f3n si se incumplen los t\u00e9rminos de estas condiciones.<\/p>\t\t\t\t\t\t\t\t<\/div>\n\t\t\t\t\t<\/div>\n\t\t\t\t<\/div>\n\t\t<div class=\"elementor-element elementor-element-2ac5613b elementor-hidden-desktop elementor-hidden-tablet e-flex e-con-boxed e-con e-parent\" data-id=\"2ac5613b\" data-element_type=\"container\" data-e-type=\"container\" data-settings=\"{&quot;position&quot;:&quot;fixed&quot;,&quot;background_background&quot;:&quot;classic&quot;}\">\n\t\t\t\t\t<div class=\"e-con-inner\">\n\t\t\t\t<div class=\"elementor-element elementor-element-23de7cf7 ggbf-open-form elementor-widget elementor-widget-heading\" data-id=\"23de7cf7\" data-element_type=\"widget\" data-e-type=\"widget\" data-widget_type=\"heading.default\">\n\t\t\t\t\t<h5 class=\"elementor-heading-title elementor-size-default\"><a href=\"#\">Reserve su estancia<\/a><\/h5>\t\t\t\t<\/div>\n\t\t\t\t\t<\/div>\n\t\t\t\t<\/div>\n\t\t\t\t<\/div>","protected":false},"excerpt":{"rendered":"<p>T\u00e9rminos y condiciones T\u00e9rminos de la reserva Al realizar una reserva con nosotros, usted (el hu\u00e9sped principal) y su grupo de reserva (hu\u00e9spedes) aceptan los siguientes t\u00e9rminos y condiciones establecidos. Durante su estancia, se compromete a respetar las condiciones que se exponen a continuaci\u00f3n. Si tiene alguna pregunta sobre la reserva con nosotros, p\u00f3ngase en contacto con nosotros antes de [...]<\/p>","protected":false},"author":1,"featured_media":0,"parent":0,"menu_order":0,"comment_status":"closed","ping_status":"closed","template":"","meta":{"iawp_total_views":217,"footnotes":""},"class_list":["post-4811","page","type-page","status-publish","hentry"],"_links":{"self":[{"href":"https:\/\/oportolemonfarm.com\/es\/wp-json\/wp\/v2\/pages\/4811","targetHints":{"allow":["GET"]}}],"collection":[{"href":"https:\/\/oportolemonfarm.com\/es\/wp-json\/wp\/v2\/pages"}],"about":[{"href":"https:\/\/oportolemonfarm.com\/es\/wp-json\/wp\/v2\/types\/page"}],"author":[{"embeddable":true,"href":"https:\/\/oportolemonfarm.com\/es\/wp-json\/wp\/v2\/users\/1"}],"replies":[{"embeddable":true,"href":"https:\/\/oportolemonfarm.com\/es\/wp-json\/wp\/v2\/comments?post=4811"}],"version-history":[{"count":0,"href":"https:\/\/oportolemonfarm.com\/es\/wp-json\/wp\/v2\/pages\/4811\/revisions"}],"wp:attachment":[{"href":"https:\/\/oportolemonfarm.com\/es\/wp-json\/wp\/v2\/media?parent=4811"}],"curies":[{"name":"wp","href":"https:\/\/api.w.org\/{rel}","templated":true}]}}