{"id":4809,"date":"2025-03-07T17:56:28","date_gmt":"2025-03-07T17:56:28","guid":{"rendered":"https:\/\/lemon.guestgrow.pt\/?page_id=4809"},"modified":"2026-02-03T15:12:12","modified_gmt":"2026-02-03T15:12:12","slug":"politica-de-privacidade","status":"publish","type":"page","link":"https:\/\/oportolemonfarm.com\/fr\/politica-de-privacidade\/","title":{"rendered":"Politique de confidentialit\u00e9"},"content":{"rendered":"<div data-elementor-type=\"wp-page\" data-elementor-id=\"4809\" class=\"elementor elementor-4809\" data-elementor-post-type=\"page\">\n\t\t\t\t<div class=\"elementor-element elementor-element-76af99a e-con-full e-flex e-con e-parent\" data-id=\"76af99a\" data-element_type=\"container\" data-e-type=\"container\" data-settings=\"{&quot;background_background&quot;:&quot;classic&quot;}\">\n\t\t\t\t<div class=\"elementor-element elementor-element-50ff209 elementor-invisible elementor-widget elementor-widget-heading\" data-id=\"50ff209\" data-element_type=\"widget\" data-e-type=\"widget\" data-settings=\"{&quot;_animation&quot;:&quot;fadeIn&quot;}\" data-widget_type=\"heading.default\">\n\t\t\t\t\t<h1 class=\"elementor-heading-title elementor-size-default\">Politique de confidentialit\u00e9<\/h1>\t\t\t\t<\/div>\n\t\t\t\t<\/div>\n\t\t<div class=\"elementor-element elementor-element-84a0a7b e-flex e-con-boxed e-con e-parent\" data-id=\"84a0a7b\" data-element_type=\"container\" data-e-type=\"container\">\n\t\t\t\t\t<div class=\"e-con-inner\">\n\t\t\t\t<div class=\"elementor-element elementor-element-a4aa8b9 elementor-invisible elementor-widget elementor-widget-text-editor\" data-id=\"a4aa8b9\" data-element_type=\"widget\" data-e-type=\"widget\" data-settings=\"{&quot;_animation&quot;:&quot;fadeIn&quot;}\" data-widget_type=\"text-editor.default\">\n\t\t\t\t\t\t\t\t\t<div data-id=\"71bcfcd\" data-element_type=\"container\"><div><div data-id=\"944d785\" data-element_type=\"widget\" data-widget_type=\"heading.default\"><div><h3>Informations collect\u00e9es<\/h3><\/div><\/div><div data-id=\"b7d9521\" data-element_type=\"widget\" data-widget_type=\"text-editor.default\"><div><p>Nous recueillons des informations personnelles que vous nous fournissez directement, telles que<\/p><ul><li>Nom<\/li><li>Adresse \u00e9lectronique<\/li><li>Informations relatives au paiement (trait\u00e9es par des services tiers tels que Stripe et PayPal)<\/li><li>D\u00e9tails de la r\u00e9servation (dates, type d'unit\u00e9, etc.)<br \/><br \/><\/li><\/ul><p>En outre, nous pouvons collecter automatiquement des donn\u00e9es telles que des informations de navigation (adresse IP, type d'appareil, syst\u00e8me d'exploitation, etc.) par le biais de cookies et de technologies similaires.<\/p><\/div><\/div><\/div><\/div><div data-id=\"61b06f6\" data-element_type=\"container\"><div><div data-id=\"3646859\" data-element_type=\"widget\" data-widget_type=\"heading.default\"><div><h3>Comment nous utilisons vos informations<\/h3><\/div><\/div><div data-id=\"0ba32cb\" data-element_type=\"widget\" data-widget_type=\"text-editor.default\"><div><p>Nous utilisons vos informations pour :<\/p><ul><li>Traitement et confirmation des r\u00e9servations<\/li><li>G\u00e9rez votre s\u00e9jour<\/li><li>Am\u00e9liorer nos services et l'exp\u00e9rience des clients<\/li><li>Envoyer des communications concernant les r\u00e9servations, les promotions et les mises \u00e0 jour<\/li><li>Respecter les obligations l\u00e9gales<\/li><\/ul><\/div><\/div><\/div><\/div><div data-id=\"b98e002\" data-element_type=\"container\"><div><div data-id=\"40b97db\" data-element_type=\"widget\" data-widget_type=\"heading.default\"><div><h3>Partage des donn\u00e9es<\/h3><\/div><\/div><div data-id=\"a76928b\" data-element_type=\"widget\" data-widget_type=\"text-editor.default\"><div><p>Nous ne vendons pas vos informations personnelles. Nous pouvons partager vos informations avec<\/p><ul><li>les prestataires de services (par exemple, les syst\u00e8mes de paiement, les services d'h\u00e9bergement) qui nous aident \u00e0 exploiter notre site web et \u00e0 fournir des services.<\/li><li>Les autorit\u00e9s l\u00e9gales, si n\u00e9cessaire, pour se conformer \u00e0 la loi.<br \/><br \/><\/li><\/ul><\/div><\/div><\/div><\/div><div data-id=\"dc6d656\" data-element_type=\"container\"><div><div data-id=\"88db827\" data-element_type=\"widget\" data-widget_type=\"heading.default\"><div><h3>S\u00e9curit\u00e9 des donn\u00e9es<\/h3><\/div><\/div><div data-id=\"3cfdacd\" data-element_type=\"widget\" data-widget_type=\"text-editor.default\"><div><p>Nous avons mis en place des mesures de s\u00e9curit\u00e9 appropri\u00e9es pour prot\u00e9ger vos informations personnelles contre tout acc\u00e8s, modification, divulgation ou destruction non autoris\u00e9s.<br \/><br \/><\/p><\/div><\/div><\/div><\/div><div data-id=\"af97d1c\" data-element_type=\"container\"><div><div data-id=\"de51040\" data-element_type=\"widget\" data-widget_type=\"heading.default\"><div><h3>Droits de l'utilisateur<\/h3><\/div><\/div><div data-id=\"214f28a\" data-element_type=\"widget\" data-widget_type=\"text-editor.default\"><div><p>L'utilisateur a le droit de :<\/p><ul><li>Acc\u00e8s \u00e0 vos informations personnelles<\/li><li>Demander la correction d'informations inexactes<\/li><li>demander la suppression de vos donn\u00e9es personnelles, sous r\u00e9serve de certaines exceptions<\/li><li>Retirer votre consentement \u00e0 l'utilisation des donn\u00e9es, le cas \u00e9ch\u00e9ant<\/li><\/ul><p>Pour exercer ces droits, veuillez nous contacter en utilisant les informations fournies ci-dessous.<br \/><br \/><\/p><\/div><\/div><\/div><\/div><div data-id=\"973bb7c\" data-element_type=\"container\"><div><div data-id=\"a106d2c\" data-element_type=\"widget\" data-widget_type=\"heading.default\"><div><h3>Cookies<\/h3><\/div><\/div><div data-id=\"7ab9889\" data-element_type=\"widget\" data-widget_type=\"text-editor.default\"><div><p>Nous utilisons des cookies pour am\u00e9liorer l'exp\u00e9rience de l'utilisateur sur notre site web. Vous pouvez r\u00e9gler les param\u00e8tres de votre navigateur pour refuser les cookies, mais cela peut affecter votre exp\u00e9rience de navigation.<br \/><br \/><\/p><\/div><\/div><\/div><\/div><div data-id=\"f42ff07\" data-element_type=\"container\"><div data-id=\"3af948f\" data-element_type=\"widget\" data-widget_type=\"heading.default\"><div><h3>Modifications de cette politique<\/h3><\/div><\/div><div data-id=\"82db489\" data-element_type=\"widget\" data-widget_type=\"text-editor.default\"><div><p>Nous pouvons mettre \u00e0 jour la pr\u00e9sente politique de confidentialit\u00e9 de temps \u00e0 autre. Nous vous informerons des changements importants sur notre site web ou par courrier \u00e9lectronique.<br \/><br \/><\/p><\/div><div data-id=\"8d9ec7b\" data-element_type=\"container\"><div><div data-id=\"bbcb570\" data-element_type=\"widget\" data-widget_type=\"heading.default\"><div><h3>Qu'est-ce qu'un biscuit ?<\/h3><\/div><\/div><div data-id=\"fbc98b9\" data-element_type=\"widget\" data-widget_type=\"text-editor.default\"><div><p>Les cookies sont de petits fichiers texte qui sont stock\u00e9s sur votre appareil (ordinateur, tablette, smartphone) lorsque vous visitez un site web. Ils permettent au site web de reconna\u00eetre votre appareil et d'am\u00e9liorer votre exp\u00e9rience de navigation.<br \/><br \/><\/p><\/div><\/div><\/div><\/div><div data-id=\"09bd312\" data-element_type=\"container\"><div><div data-id=\"98b51be\" data-element_type=\"widget\" data-widget_type=\"heading.default\"><div><h3>Types de cookies utilis\u00e9s<\/h3><\/div><\/div><div data-id=\"2be0b17\" data-element_type=\"widget\" data-widget_type=\"text-editor.default\"><div><p>Nous utilisons les types de cookies suivants :<\/p><ul><li><strong>Cookies n\u00e9cessaires :<\/strong> Indispensable au fonctionnement du site web, vous permettant de naviguer et d'utiliser ses fonctionnalit\u00e9s.<\/li><li><strong>Cookies de performance :<\/strong> Ils recueillent des informations sur la mani\u00e8re dont les visiteurs utilisent le site web, ce qui nous aide \u00e0 comprendre quelles parties sont les plus populaires et \u00e0 am\u00e9liorer notre contenu.<\/li><li><strong>Cookies fonctionnels :<\/strong> Ils permettent au site web de se souvenir des pr\u00e9f\u00e9rences de l'utilisateur et de personnaliser son exp\u00e9rience.<\/li><li><strong>Cookies publicitaires :<\/strong> Utilis\u00e9 pour afficher des publicit\u00e9s pertinentes en fonction des int\u00e9r\u00eats de l'utilisateur et pour mesurer l'efficacit\u00e9 des campagnes publicitaires.<br \/><br \/><\/li><\/ul><\/div><\/div><\/div><\/div><div data-id=\"2b8d18c\" data-element_type=\"container\"><div><div data-id=\"9654efb\" data-element_type=\"widget\" data-widget_type=\"heading.default\"><div><h3>Cookies de tiers<\/h3><\/div><\/div><div data-id=\"ad08462\" data-element_type=\"widget\" data-widget_type=\"text-editor.default\"><div><p>Outre les cookies que nous utilisons, des tiers (tels que des services d'analyse et de publicit\u00e9) peuvent \u00e9galement placer des cookies sur votre appareil. Nous ne contr\u00f4lons pas ces cookies, vous devez donc consulter les politiques de confidentialit\u00e9 des tiers pour plus d'informations.<br \/><br \/><\/p><\/div><\/div><\/div><\/div><div data-id=\"9fd1a78\" data-element_type=\"container\"><div><div data-id=\"ba40dfa\" data-element_type=\"widget\" data-widget_type=\"heading.default\"><div><h3>Gestion des cookies<\/h3><\/div><\/div><div data-id=\"d5e3c3e\" data-element_type=\"widget\" data-widget_type=\"text-editor.default\"><div><p>Vous pouvez contr\u00f4ler et g\u00e9rer les cookies de diff\u00e9rentes mani\u00e8res :<\/p><ul><li><strong>Param\u00e8tres du navigateur :<\/strong> La plupart des navigateurs vous permettent de refuser les cookies ou de supprimer ceux qui ont d\u00e9j\u00e0 \u00e9t\u00e9 enregistr\u00e9s. Consultez le menu d'aide de votre navigateur pour plus d'informations.<\/li><li><strong>Option de suppression des cookies :<\/strong> Vous pouvez refuser les cookies publicitaires en utilisant les outils d'opt-out disponibles sur les sites web publicitaires.<br \/><br \/><\/li><\/ul><\/div><\/div><\/div><\/div><div data-id=\"24a12a7\" data-element_type=\"container\"><div><div data-id=\"7b83472\" data-element_type=\"widget\" data-widget_type=\"heading.default\"><div><h3>Modifications de la pr\u00e9sente politique en mati\u00e8re de cookies<\/h3><\/div><\/div><div data-id=\"0ae9e2a\" data-element_type=\"widget\" data-widget_type=\"text-editor.default\"><div><p>Nous pouvons mettre \u00e0 jour la pr\u00e9sente politique en mati\u00e8re de cookies de temps \u00e0 autre. Nous vous informerons de toute modification en publiant la nouvelle politique sur notre site web. Nous vous recommandons de consulter r\u00e9guli\u00e8rement cette politique afin de rester inform\u00e9 de la mani\u00e8re dont nous utilisons les cookies.<br \/><br \/><\/p><\/div><\/div><\/div><\/div><div data-id=\"4edcd7b\" data-element_type=\"container\"><div data-id=\"e305086\" data-element_type=\"widget\" data-widget_type=\"heading.default\"><div><h3>Contact<\/h3><\/div><\/div><div data-id=\"23f3e11\" data-element_type=\"widget\" data-widget_type=\"text-editor.default\"><p>Si vous avez des questions concernant cette politique en mati\u00e8re de cookies, veuillez nous contacter :<\/p><ul><li><strong>Courriel :<\/strong> casadoslimoes2022@gmail.com<\/li><li><strong>Adresse :<\/strong> Rua da Ribeira, - Valpedre, Penafiel<\/li><\/ul><\/div><\/div><\/div><\/div>\t\t\t\t\t\t\t\t<\/div>\n\t\t\t\t\t<\/div>\n\t\t\t\t<\/div>\n\t\t<div class=\"elementor-element elementor-element-441a54ec elementor-hidden-desktop elementor-hidden-tablet e-flex e-con-boxed e-con e-parent\" data-id=\"441a54ec\" data-element_type=\"container\" data-e-type=\"container\" data-settings=\"{&quot;position&quot;:&quot;fixed&quot;,&quot;background_background&quot;:&quot;classic&quot;}\">\n\t\t\t\t\t<div class=\"e-con-inner\">\n\t\t\t\t<div class=\"elementor-element elementor-element-6e76639a ggbf-open-form elementor-widget elementor-widget-heading\" data-id=\"6e76639a\" data-element_type=\"widget\" data-e-type=\"widget\" data-widget_type=\"heading.default\">\n\t\t\t\t\t<h5 class=\"elementor-heading-title elementor-size-default\"><a href=\"#\">R\u00e9servez votre s\u00e9jour<\/a><\/h5>\t\t\t\t<\/div>\n\t\t\t\t\t<\/div>\n\t\t\t\t<\/div>\n\t\t\t\t<\/div>","protected":false},"excerpt":{"rendered":"<p>Politique de confidentialit\u00e9 Informations que nous recueillons Nous recueillons les informations personnelles que vous nous fournissez directement, telles que : Nom Adresse \u00e9lectronique Informations de paiement (trait\u00e9es par des services tiers tels que Stripe et PayPal) D\u00e9tails de la r\u00e9servation (dates, type d'unit\u00e9, etc.) En outre, nous pouvons recueillir automatiquement des donn\u00e9es telles que des informations de navigation (adresse IP, [...]).<\/p>","protected":false},"author":1,"featured_media":0,"parent":0,"menu_order":0,"comment_status":"closed","ping_status":"closed","template":"","meta":{"iawp_total_views":65,"footnotes":""},"class_list":["post-4809","page","type-page","status-publish","hentry"],"_links":{"self":[{"href":"https:\/\/oportolemonfarm.com\/fr\/wp-json\/wp\/v2\/pages\/4809","targetHints":{"allow":["GET"]}}],"collection":[{"href":"https:\/\/oportolemonfarm.com\/fr\/wp-json\/wp\/v2\/pages"}],"about":[{"href":"https:\/\/oportolemonfarm.com\/fr\/wp-json\/wp\/v2\/types\/page"}],"author":[{"embeddable":true,"href":"https:\/\/oportolemonfarm.com\/fr\/wp-json\/wp\/v2\/users\/1"}],"replies":[{"embeddable":true,"href":"https:\/\/oportolemonfarm.com\/fr\/wp-json\/wp\/v2\/comments?post=4809"}],"version-history":[{"count":0,"href":"https:\/\/oportolemonfarm.com\/fr\/wp-json\/wp\/v2\/pages\/4809\/revisions"}],"wp:attachment":[{"href":"https:\/\/oportolemonfarm.com\/fr\/wp-json\/wp\/v2\/media?parent=4809"}],"curies":[{"name":"wp","href":"https:\/\/api.w.org\/{rel}","templated":true}]}}