{"id":4811,"date":"2025-03-07T17:56:58","date_gmt":"2025-03-07T17:56:58","guid":{"rendered":"https:\/\/lemon.guestgrow.pt\/?page_id=4811"},"modified":"2026-02-03T15:10:17","modified_gmt":"2026-02-03T15:10:17","slug":"termos-e-condicoes","status":"publish","type":"page","link":"https:\/\/oportolemonfarm.com\/fr\/termos-e-condicoes\/","title":{"rendered":"Conditions d'utilisation"},"content":{"rendered":"<div data-elementor-type=\"wp-page\" data-elementor-id=\"4811\" class=\"elementor elementor-4811\" data-elementor-post-type=\"page\">\n\t\t\t\t<div class=\"elementor-element elementor-element-ef663ca e-con-full e-flex e-con e-parent\" data-id=\"ef663ca\" data-element_type=\"container\" data-e-type=\"container\" data-settings=\"{&quot;background_background&quot;:&quot;classic&quot;}\">\n\t\t\t\t<div class=\"elementor-element elementor-element-66ffdf8 elementor-invisible elementor-widget elementor-widget-heading\" data-id=\"66ffdf8\" data-element_type=\"widget\" data-e-type=\"widget\" data-settings=\"{&quot;_animation&quot;:&quot;fadeIn&quot;}\" data-widget_type=\"heading.default\">\n\t\t\t\t\t<h1 class=\"elementor-heading-title elementor-size-default\">Conditions d'utilisation<\/h1>\t\t\t\t<\/div>\n\t\t\t\t<\/div>\n\t\t<div class=\"elementor-element elementor-element-ec0b599 e-flex e-con-boxed e-con e-parent\" data-id=\"ec0b599\" data-element_type=\"container\" data-e-type=\"container\">\n\t\t\t\t\t<div class=\"e-con-inner\">\n\t\t\t\t<div class=\"elementor-element elementor-element-dd7536c elementor-invisible elementor-widget elementor-widget-text-editor\" data-id=\"dd7536c\" data-element_type=\"widget\" data-e-type=\"widget\" data-settings=\"{&quot;_animation&quot;:&quot;fadeIn&quot;}\" data-widget_type=\"text-editor.default\">\n\t\t\t\t\t\t\t\t\t<h3>Conditions de r\u00e9servation<\/h3><p>En effectuant une r\u00e9servation aupr\u00e8s de nous, vous (l'h\u00f4te principal) et votre groupe de r\u00e9servation (les h\u00f4tes) acceptez les conditions g\u00e9n\u00e9rales suivantes, telles qu'elles sont \u00e9nonc\u00e9es. Pendant votre s\u00e9jour, vous vous engagez \u00e0 respecter les conditions suivantes. Si vous avez des questions concernant les r\u00e9servations, veuillez nous contacter avant de faire une r\u00e9servation.<br \/><br \/><\/p><h3>Proc\u00e9dure de r\u00e9servation<\/h3><p>Pour effectuer une r\u00e9servation, l'invit\u00e9 principal doit \u00eatre \u00e2g\u00e9 d'au moins 18 ans. Le nombre maximum d'invit\u00e9s par chambre est indiqu\u00e9 dans les d\u00e9tails de l'occupation des chambres sur le site web. Si la personne qui effectue la r\u00e9servation n'est pas le client principal qui assume l'occupation de la chambre, la personne qui effectue la r\u00e9servation peut \u00eatre tenue responsable de l'annulation, de la non-arriv\u00e9e et des dommages, comme indiqu\u00e9 dans le pr\u00e9sent document. Seuls le client principal et l'auteur de la r\u00e9servation sont autoris\u00e9s \u00e0 utiliser la propri\u00e9t\u00e9 et ses installations, les visiteurs tiers n'y ayant acc\u00e8s qu'avec notre autorisation expresse.<\/p><p>Les paiements peuvent \u00eatre effectu\u00e9s en ligne \u00e0 l'aide d'une carte de d\u00e9bit\/cr\u00e9dit. Tous les frais factur\u00e9s par nos banques pour le traitement de ch\u00e8ques refus\u00e9s, de virements bancaires ou de tout autre paiement doivent \u00eatre rembours\u00e9s par l'h\u00f4te principal dans un d\u00e9lai de sept (7) jours \u00e0 compter de toute demande en ce sens.<\/p><p>Tous les h\u00f4tes s'engagent \u00e0 respecter la vie priv\u00e9e et la tranquillit\u00e9 des autres h\u00f4tes, des voisins et des propri\u00e9taires \u00e0 tout moment. Nous nous r\u00e9servons le droit d'annuler une r\u00e9servation avec effet imm\u00e9diat si les h\u00f4tes ne respectent pas cet accord ou s'ils causent des perturbations ou des d\u00e9sagr\u00e9ments aux autres h\u00f4tes, aux voisins ou aux propri\u00e9taires.<br \/><br \/><\/p><h3>Enregistrement et d\u00e9part<\/h3><p>Les clients doivent arriver et partir aux heures indiqu\u00e9es ci-dessous.<\/p><p><strong>Enregistrement :<\/strong> entre 15h00 et 20h00<br \/><strong>Check-out :<\/strong> jusqu'\u00e0 11h00<br \/><br \/><\/p><h3>Conditions d'annulation et de non-arriv\u00e9e<\/h3><p>Les clients qui doivent annuler une r\u00e9servation doivent nous contacter le plus t\u00f4t possible. Les acomptes d\u00e9j\u00e0 vers\u00e9s ne seront rembours\u00e9s que dans les conditions suivantes ;<\/p><p>Annulation jusqu'\u00e0 30 jours avant l'enregistrement = Annulation sans frais<br \/>Annulation moins de 30 jours avant l'arriv\u00e9e = pas de remboursement<br \/><span style=\"text-align: var(--text-align); color: var( --e-global-color-text ); font-family: var( --e-global-typography-text-font-family ), Sans-serif; font-size: var( --e-global-typography-text-font-size ); font-weight: var( --e-global-typography-text-font-weight ); text-transform: var( --e-global-typography-text-text-transform );\"><br \/>Il est sugg\u00e9r\u00e9 que les personnes qui r\u00e9servent souscrivent, le cas \u00e9ch\u00e9ant, une assurance vacances\/annulation appropri\u00e9e.<\/span><\/p><p>Dans le cas rare o\u00f9 nous devrions annuler votre r\u00e9servation, sachez que nous ne pouvons \u00eatre tenus responsables de circonstances ind\u00e9pendantes de notre volont\u00e9 et que notre responsabilit\u00e9 envers vous se limite au remboursement de tout paiement d\u00e9j\u00e0 effectu\u00e9.<br \/><br \/><\/p><h3>Politique d'utilisation du WiFi<\/h3><p>Lorsque l'acc\u00e8s \u00e0 l'Internet par WiFi est fourni, les h\u00f4tes acceptent d'utiliser cet acc\u00e8s \u00e0 l'Internet de mani\u00e8re \u00e9quitable et appropri\u00e9e. Nous pouvons contr\u00f4ler les performances du r\u00e9seau et l'utilisation des utilisateurs afin de maintenir un niveau de service \u00e9quitable et \u00e9lev\u00e9 pour tous nos h\u00f4tes.<br \/><br \/><\/p><h3>Dommages et pertes de biens<\/h3><p>Nous nous r\u00e9servons le droit de facturer au client principal tout dommage caus\u00e9 au cours d'une r\u00e9servation par un membre du groupe. Cela comprend les casses, les d\u00e9versements, les taches, les dommages caus\u00e9s au mobilier ou aux installations. Tout dommage accidentel doit \u00eatre signal\u00e9 d\u00e8s que possible afin de minimiser les d\u00e9g\u00e2ts et les co\u00fbts associ\u00e9s. La perte d'une cl\u00e9 ou d'une carte d'acc\u00e8s entra\u00eene des frais de remplacement par cl\u00e9 ou carte perdue.<\/p><p>Les objets perdus, s'ils sont d\u00e9couverts et trouv\u00e9s, laiss\u00e9s par les clients pendant leur s\u00e9jour seront conserv\u00e9s pendant une p\u00e9riode d'un mois. Bien que nous fassions tout notre possible pour retrouver les objets perdus, nous n'acceptons aucune responsabilit\u00e9 pour le remplacement des objets perdus et nous encourageons les clients \u00e0 s'assurer qu'ils ont tous leurs effets personnels avant de quitter l'h\u00f4tel. Nous pouvons proposer d'envoyer les objets perdus par courrier recommand\u00e9 aux frais du propri\u00e9taire, sinon une collecte peut \u00eatre organis\u00e9e.<br \/><br \/><\/p><h3>Fumeurs<\/h3><p>Tous les produits du tabac, y compris, mais sans s'y limiter, les cigarettes, les pipes, les cigarettes \u00e9lectroniques, les e-liquides, les cigares et le tabac \u00e0 m\u00e2cher, sont uniquement autoris\u00e9s dans les zones ext\u00e9rieures du logement.<br \/><br \/><\/p><h3>Notre droit de r\u00e9tractation<\/h3><p>Nous nous r\u00e9servons le droit d'annuler toute r\u00e9servation sans compensation ni remboursement en cas de non-respect des pr\u00e9sentes conditions.<\/p>\t\t\t\t\t\t\t\t<\/div>\n\t\t\t\t\t<\/div>\n\t\t\t\t<\/div>\n\t\t<div class=\"elementor-element elementor-element-2ac5613b elementor-hidden-desktop elementor-hidden-tablet e-flex e-con-boxed e-con e-parent\" data-id=\"2ac5613b\" data-element_type=\"container\" data-e-type=\"container\" data-settings=\"{&quot;position&quot;:&quot;fixed&quot;,&quot;background_background&quot;:&quot;classic&quot;}\">\n\t\t\t\t\t<div class=\"e-con-inner\">\n\t\t\t\t<div class=\"elementor-element elementor-element-23de7cf7 ggbf-open-form elementor-widget elementor-widget-heading\" data-id=\"23de7cf7\" data-element_type=\"widget\" data-e-type=\"widget\" data-widget_type=\"heading.default\">\n\t\t\t\t\t<h5 class=\"elementor-heading-title elementor-size-default\"><a href=\"#\">R\u00e9servez votre s\u00e9jour<\/a><\/h5>\t\t\t\t<\/div>\n\t\t\t\t\t<\/div>\n\t\t\t\t<\/div>\n\t\t\t\t<\/div>","protected":false},"excerpt":{"rendered":"<p>Conditions g\u00e9n\u00e9rales Conditions de r\u00e9servation En effectuant une r\u00e9servation aupr\u00e8s de nous, vous (l'h\u00f4te principal) et votre groupe de r\u00e9servation (les h\u00f4tes) acceptez les conditions g\u00e9n\u00e9rales suivantes. Pendant votre s\u00e9jour, vous vous engagez \u00e0 respecter les conditions suivantes. Si vous avez des questions concernant la r\u00e9servation, veuillez nous contacter avant de faire [...]<\/p>","protected":false},"author":1,"featured_media":0,"parent":0,"menu_order":0,"comment_status":"closed","ping_status":"closed","template":"","meta":{"iawp_total_views":217,"footnotes":""},"class_list":["post-4811","page","type-page","status-publish","hentry"],"_links":{"self":[{"href":"https:\/\/oportolemonfarm.com\/fr\/wp-json\/wp\/v2\/pages\/4811","targetHints":{"allow":["GET"]}}],"collection":[{"href":"https:\/\/oportolemonfarm.com\/fr\/wp-json\/wp\/v2\/pages"}],"about":[{"href":"https:\/\/oportolemonfarm.com\/fr\/wp-json\/wp\/v2\/types\/page"}],"author":[{"embeddable":true,"href":"https:\/\/oportolemonfarm.com\/fr\/wp-json\/wp\/v2\/users\/1"}],"replies":[{"embeddable":true,"href":"https:\/\/oportolemonfarm.com\/fr\/wp-json\/wp\/v2\/comments?post=4811"}],"version-history":[{"count":0,"href":"https:\/\/oportolemonfarm.com\/fr\/wp-json\/wp\/v2\/pages\/4811\/revisions"}],"wp:attachment":[{"href":"https:\/\/oportolemonfarm.com\/fr\/wp-json\/wp\/v2\/media?parent=4811"}],"curies":[{"name":"wp","href":"https:\/\/api.w.org\/{rel}","templated":true}]}}