{"id":9152,"date":"2025-08-27T15:35:52","date_gmt":"2025-08-27T14:35:52","guid":{"rendered":"https:\/\/oportolemonfarm.com\/disponibilidade-villa\/"},"modified":"2025-08-27T16:43:45","modified_gmt":"2025-08-27T15:43:45","slug":"disponibilidade-villa","status":"publish","type":"page","link":"https:\/\/oportolemonfarm.com\/fr\/disponibilidade-villa\/","title":{"rendered":"Disponibilit\u00e9 de la villa"},"content":{"rendered":"<div class=\"wrap plugin-container\">\n\n\t\n\t\n\t<h3>Calendrier des disponibilit\u00e9s<\/h3>\n\n<div class=\"vbo-availability-controls\">\n\t<form action=\"https:\/\/oportolemonfarm.com\/fr\/disponibilidade-villa\/\" method=\"post\" name=\"vbmonths\" data-trp-original-action=\"https:\/\/oportolemonfarm.com\/fr\/disponibilidade-villa\/\">\n\t\t<select name=\"month\" onchange=\"document.vbmonths.submit();\">\n<option value=\"1777590000\" selected=\"selected\">mai 2026<\/option>\n<option value=\"1780268400\">Juin 2026<\/option>\n<option value=\"1782860400\">juillet 2026<\/option>\n<option value=\"1785538800\">Ao\u00fbt 2026<\/option>\n<option value=\"1788217200\">septembre 2026<\/option>\n<option value=\"1790809200\">octobre 2026<\/option>\n<option value=\"1793491200\">novembre 2026<\/option>\n<option value=\"1796083200\">D\u00e9cembre 2026<\/option>\n<option value=\"1798761600\">janvier 2027<\/option>\n<option value=\"1801440000\">f\u00e9vrier 2027<\/option>\n<option value=\"1803859200\">mars 2027<\/option>\n<option value=\"1806534000\">avril 2027<\/option>\n<option value=\"1809126000\">mai 2027<\/option>\n<\/select>\n\t\t\t<input type=\"hidden\" name=\"room_ids[]\" value=\"3\" \/>\n\t\t\t\t<input type=\"hidden\" name=\"showtype\" value=\"1\" \/>\n\t<input type=\"hidden\" name=\"trp-form-language\" value=\"fr\"\/><\/form>\n\t<div class=\"vblegendediv\">\n\t\t<span class=\"vblegenda\"><span class=\"vblegenda-status vblegfree\">&nbsp;<\/span> <span class=\"vblegenda-lbl\"> Disponible<\/span><\/span>\n\t\t\t<span class=\"vblegenda\"><span class=\"vblegenda-status vblegbusy\">&nbsp;<\/span> <span class=\"vblegenda-lbl\"> Non disponible<\/span><\/span>\n\t<\/div>\n<\/div>\n\t\n<div class=\"vbo-availability-wrapper\">\n\t<div class=\"vbo-availability-room-container\">\n\t\t<div class=\"vbo-availability-room-details\">\n\t\t\t<div class=\"vbo-availability-room-details-first\">\n\t\t\t\t<div class=\"vbo-availability-room-details-left\">\n\t\t\t\t\t\t\t\t\t<img decoding=\"async\" src=\"https:\/\/oportolemonfarm.com\/wp-content\/plugins\/vikbooking\/site\/resources\/uploads\/1casa_dos_limoes_-_bungalow_high_res_-_for_print_043.jpg\" alt=\"Retiro dos Lim\u00f5es\"\/>\n\t\t\t\t\t\t\t\t\t<\/div>\n\t\t\t\t<div class=\"vbo-availability-room-details-right\">\n\t\t\t\t\t<h4>Retiro dos Lim\u00f5es<\/h4>\n\t\t\t\t\t<div class=\"vbo-availability-room-details-descr\">\n\t\t\t\t\t\tUn bungalow minimaliste entour\u00e9 par la nature, parfait pour les couples \u00e0 la recherche d'isolement et de tranquillit\u00e9. Il dispose d'une piscine priv\u00e9e, d'une vue sur le verger et d'une atmosph\u00e8re sereine et fonctionnelle.\t\t\t\t\t<\/div>\n\t\t\t\t\t\t\t\t\t<div class=\"room_carats\">\n\t\t\t\t\t\t<div class=\"vbo-room-carats\">\n<span class=\"vbo-room-carat\"><img decoding=\"async\" src=\"https:\/\/oportolemonfarm.com\/wp-content\/plugins\/vikbooking\/site\/resources\/uploads\/pool_150dp_d8ba61_fill0_wght100_grad0_opsz48.png\" alt=\"Piscina\" title=\"Piscine\"\/><\/span>\n<span class=\"vbo-room-carat\"><img decoding=\"async\" src=\"https:\/\/oportolemonfarm.com\/wp-content\/plugins\/vikbooking\/site\/resources\/uploads\/group_150dp_d8ba61_fill0_wght100_grad0_opsz48.png\" alt=\"Duas Pessoas\" title=\"Deux personnes\"\/><\/span>\n<span class=\"vbo-room-carat\"><img decoding=\"async\" src=\"https:\/\/oportolemonfarm.com\/wp-content\/plugins\/vikbooking\/site\/resources\/uploads\/kitchen_150dp_d8ba61_fill0_wght100_grad0_opsz48.png\" alt=\"Cozinha\" title=\"Cuisine\"\/><\/span>\n<span class=\"vbo-room-carat\"><img decoding=\"async\" src=\"https:\/\/oportolemonfarm.com\/wp-content\/plugins\/vikbooking\/site\/resources\/uploads\/pets_150dp_d8ba61_fill0_wght100_grad0_opsz48.png\" alt=\"Animais\" title=\"Animaux\"\/><\/span>\n<\/div>\n\t\t\t\t\t<\/div>\n\t\t\t\t\t\t\t\t\t<\/div>\n\t\t\t<\/div>\n\t\t\t<div class=\"vbo-availability-room-details-last vbselectr\">\n\t\t\t\t<div class=\"vbo-availability-room-details-last-inner\">\n\t\t\t\t\t<a class=\"btn vbo-pref-color-btn\" id=\"vbo-av-btn-3\" href=\"https:\/\/oportolemonfarm.com\/fr\/disponibilidade-villa\/?option=com_vikbooking&amp;view=roomdetails&amp;roomid=3&amp;checkin=-1\">R\u00e9server<\/a>\n\t\t\t\t<\/div>\n\t\t\t\t<div class=\"vbo-availability-room-details-last-checkin\" id=\"vbo-av-checkin-3\"><i class=\"fas fa-sign-in-alt vbo-pref-color-element\"><\/i> <span><\/span><\/div>\n\t\t\t<\/div>\n\t\t<\/div>\n\t\t<div class=\"vbo-availability-room-monthcal table-responsive\">\n\t\t\t<table class=\"table\" id=\"vbo-av-table-3\" data-room-table=\"3\">\n\t\t\t\t<tr class=\"vbo-availability-room-monthdays\">\n\t\t\t\t\t<td class=\"vbo-availability-month-name vbo-pref-color-text\" rowspan=\"2\">mai 2026<\/td>\n\t\t\t\t\t\t\t\t\t<td class=\"vbo-availability-month-day\">\n\t\t\t\t\t\t<span class=\"vbo-availability-daynumber\">1<\/span>\n\t\t\t\t\t\t<span class=\"vbo-availability-weekday\">Vendredi<\/span>\n\t\t\t\t\t<\/td>\n\t\t\t\t\t\t\t\t\t\t<td class=\"vbo-availability-month-day\">\n\t\t\t\t\t\t<span class=\"vbo-availability-daynumber\">2<\/span>\n\t\t\t\t\t\t<span class=\"vbo-availability-weekday\">Samedi<\/span>\n\t\t\t\t\t<\/td>\n\t\t\t\t\t\t\t\t\t\t<td class=\"vbo-availability-month-day\">\n\t\t\t\t\t\t<span class=\"vbo-availability-daynumber\">3<\/span>\n\t\t\t\t\t\t<span class=\"vbo-availability-weekday\">Soleil<\/span>\n\t\t\t\t\t<\/td>\n\t\t\t\t\t\t\t\t\t\t<td class=\"vbo-availability-month-day\">\n\t\t\t\t\t\t<span class=\"vbo-availability-daynumber\">4<\/span>\n\t\t\t\t\t\t<span class=\"vbo-availability-weekday\">Mon<\/span>\n\t\t\t\t\t<\/td>\n\t\t\t\t\t\t\t\t\t\t<td class=\"vbo-availability-month-day\">\n\t\t\t\t\t\t<span class=\"vbo-availability-daynumber\">5<\/span>\n\t\t\t\t\t\t<span class=\"vbo-availability-weekday\">Mar<\/span>\n\t\t\t\t\t<\/td>\n\t\t\t\t\t\t\t\t\t\t<td class=\"vbo-availability-month-day\">\n\t\t\t\t\t\t<span class=\"vbo-availability-daynumber\">6<\/span>\n\t\t\t\t\t\t<span class=\"vbo-availability-weekday\">Mercredi<\/span>\n\t\t\t\t\t<\/td>\n\t\t\t\t\t\t\t\t\t\t<td class=\"vbo-availability-month-day\">\n\t\t\t\t\t\t<span class=\"vbo-availability-daynumber\">7<\/span>\n\t\t\t\t\t\t<span class=\"vbo-availability-weekday\">Jeu<\/span>\n\t\t\t\t\t<\/td>\n\t\t\t\t\t\t\t\t\t\t<td class=\"vbo-availability-month-day\">\n\t\t\t\t\t\t<span class=\"vbo-availability-daynumber\">8<\/span>\n\t\t\t\t\t\t<span class=\"vbo-availability-weekday\">Vendredi<\/span>\n\t\t\t\t\t<\/td>\n\t\t\t\t\t\t\t\t\t\t<td class=\"vbo-availability-month-day\">\n\t\t\t\t\t\t<span class=\"vbo-availability-daynumber\">9<\/span>\n\t\t\t\t\t\t<span class=\"vbo-availability-weekday\">Samedi<\/span>\n\t\t\t\t\t<\/td>\n\t\t\t\t\t\t\t\t\t\t<td class=\"vbo-availability-month-day\">\n\t\t\t\t\t\t<span class=\"vbo-availability-daynumber\">10<\/span>\n\t\t\t\t\t\t<span class=\"vbo-availability-weekday\">Soleil<\/span>\n\t\t\t\t\t<\/td>\n\t\t\t\t\t\t\t\t\t\t<td class=\"vbo-availability-month-day\">\n\t\t\t\t\t\t<span class=\"vbo-availability-daynumber\">11<\/span>\n\t\t\t\t\t\t<span class=\"vbo-availability-weekday\">Mon<\/span>\n\t\t\t\t\t<\/td>\n\t\t\t\t\t\t\t\t\t\t<td class=\"vbo-availability-month-day\">\n\t\t\t\t\t\t<span class=\"vbo-availability-daynumber\">12<\/span>\n\t\t\t\t\t\t<span class=\"vbo-availability-weekday\">Mar<\/span>\n\t\t\t\t\t<\/td>\n\t\t\t\t\t\t\t\t\t\t<td class=\"vbo-availability-month-day\">\n\t\t\t\t\t\t<span class=\"vbo-availability-daynumber\">13<\/span>\n\t\t\t\t\t\t<span class=\"vbo-availability-weekday\">Mercredi<\/span>\n\t\t\t\t\t<\/td>\n\t\t\t\t\t\t\t\t\t\t<td class=\"vbo-availability-month-day\">\n\t\t\t\t\t\t<span class=\"vbo-availability-daynumber\">14<\/span>\n\t\t\t\t\t\t<span class=\"vbo-availability-weekday\">Jeu<\/span>\n\t\t\t\t\t<\/td>\n\t\t\t\t\t\t\t\t\t\t<td class=\"vbo-availability-month-day\">\n\t\t\t\t\t\t<span class=\"vbo-availability-daynumber\">15<\/span>\n\t\t\t\t\t\t<span class=\"vbo-availability-weekday\">Vendredi<\/span>\n\t\t\t\t\t<\/td>\n\t\t\t\t\t\t\t\t\t\t<td class=\"vbo-availability-month-day\">\n\t\t\t\t\t\t<span class=\"vbo-availability-daynumber\">16<\/span>\n\t\t\t\t\t\t<span class=\"vbo-availability-weekday\">Samedi<\/span>\n\t\t\t\t\t<\/td>\n\t\t\t\t\t\t\t\t\t\t<td class=\"vbo-availability-month-day\">\n\t\t\t\t\t\t<span class=\"vbo-availability-daynumber\">17<\/span>\n\t\t\t\t\t\t<span class=\"vbo-availability-weekday\">Soleil<\/span>\n\t\t\t\t\t<\/td>\n\t\t\t\t\t\t\t\t\t\t<td class=\"vbo-availability-month-day\">\n\t\t\t\t\t\t<span class=\"vbo-availability-daynumber\">18<\/span>\n\t\t\t\t\t\t<span class=\"vbo-availability-weekday\">Mon<\/span>\n\t\t\t\t\t<\/td>\n\t\t\t\t\t\t\t\t\t\t<td class=\"vbo-availability-month-day\">\n\t\t\t\t\t\t<span class=\"vbo-availability-daynumber\">19<\/span>\n\t\t\t\t\t\t<span class=\"vbo-availability-weekday\">Mar<\/span>\n\t\t\t\t\t<\/td>\n\t\t\t\t\t\t\t\t\t\t<td class=\"vbo-availability-month-day\">\n\t\t\t\t\t\t<span class=\"vbo-availability-daynumber\">20<\/span>\n\t\t\t\t\t\t<span class=\"vbo-availability-weekday\">Mercredi<\/span>\n\t\t\t\t\t<\/td>\n\t\t\t\t\t\t\t\t\t\t<td class=\"vbo-availability-month-day\">\n\t\t\t\t\t\t<span class=\"vbo-availability-daynumber\">21<\/span>\n\t\t\t\t\t\t<span class=\"vbo-availability-weekday\">Jeu<\/span>\n\t\t\t\t\t<\/td>\n\t\t\t\t\t\t\t\t\t\t<td class=\"vbo-availability-month-day\">\n\t\t\t\t\t\t<span class=\"vbo-availability-daynumber\">22<\/span>\n\t\t\t\t\t\t<span class=\"vbo-availability-weekday\">Vendredi<\/span>\n\t\t\t\t\t<\/td>\n\t\t\t\t\t\t\t\t\t\t<td class=\"vbo-availability-month-day\">\n\t\t\t\t\t\t<span class=\"vbo-availability-daynumber\">23<\/span>\n\t\t\t\t\t\t<span class=\"vbo-availability-weekday\">Samedi<\/span>\n\t\t\t\t\t<\/td>\n\t\t\t\t\t\t\t\t\t\t<td class=\"vbo-availability-month-day\">\n\t\t\t\t\t\t<span class=\"vbo-availability-daynumber\">24<\/span>\n\t\t\t\t\t\t<span class=\"vbo-availability-weekday\">Soleil<\/span>\n\t\t\t\t\t<\/td>\n\t\t\t\t\t\t\t\t\t\t<td class=\"vbo-availability-month-day\">\n\t\t\t\t\t\t<span class=\"vbo-availability-daynumber\">25<\/span>\n\t\t\t\t\t\t<span class=\"vbo-availability-weekday\">Mon<\/span>\n\t\t\t\t\t<\/td>\n\t\t\t\t\t\t\t\t\t\t<td class=\"vbo-availability-month-day\">\n\t\t\t\t\t\t<span class=\"vbo-availability-daynumber\">26<\/span>\n\t\t\t\t\t\t<span class=\"vbo-availability-weekday\">Mar<\/span>\n\t\t\t\t\t<\/td>\n\t\t\t\t\t\t\t\t\t\t<td class=\"vbo-availability-month-day\">\n\t\t\t\t\t\t<span class=\"vbo-availability-daynumber\">27<\/span>\n\t\t\t\t\t\t<span class=\"vbo-availability-weekday\">Mercredi<\/span>\n\t\t\t\t\t<\/td>\n\t\t\t\t\t\t\t\t\t\t<td class=\"vbo-availability-month-day\">\n\t\t\t\t\t\t<span class=\"vbo-availability-daynumber\">28<\/span>\n\t\t\t\t\t\t<span class=\"vbo-availability-weekday\">Jeu<\/span>\n\t\t\t\t\t<\/td>\n\t\t\t\t\t\t\t\t\t\t<td class=\"vbo-availability-month-day\">\n\t\t\t\t\t\t<span class=\"vbo-availability-daynumber\">29<\/span>\n\t\t\t\t\t\t<span class=\"vbo-availability-weekday\">Vendredi<\/span>\n\t\t\t\t\t<\/td>\n\t\t\t\t\t\t\t\t\t\t<td class=\"vbo-availability-month-day\">\n\t\t\t\t\t\t<span class=\"vbo-availability-daynumber\">30<\/span>\n\t\t\t\t\t\t<span class=\"vbo-availability-weekday\">Samedi<\/span>\n\t\t\t\t\t<\/td>\n\t\t\t\t\t\t\t\t\t\t<td class=\"vbo-availability-month-day\">\n\t\t\t\t\t\t<span class=\"vbo-availability-daynumber\">31<\/span>\n\t\t\t\t\t\t<span class=\"vbo-availability-weekday\">Soleil<\/span>\n\t\t\t\t\t<\/td>\n\t\t\t\t\t\t\t\t\t<\/tr>\n\t\t\t\t<tr class=\"vbo-availability-room-avdays\">\n\t\t\t\t\t\t\t\t\t<td class=\"vbo-occupied-cell vbo-checkinday-cell\" data-cell-date=\"01\/05\/2026\" data-cell-ts=\"1777590000\"><span class=\"vbo-availability-day-container\" data-units-booked=\"1\" data-units-left=\"0\"><\/span><\/td>\n\t\t\t\t\t\t\t\t\t\t<td class=\"vbo-occupied-cell\" data-cell-date=\"02\/05\/2026\" data-cell-ts=\"1777676400\"><span class=\"vbo-availability-day-container\" data-units-booked=\"1\" data-units-left=\"0\"><\/span><\/td>\n\t\t\t\t\t\t\t\t\t\t<td class=\"vbo-occupied-cell\" data-cell-date=\"03\/05\/2026\" data-cell-ts=\"1777762800\"><span class=\"vbo-availability-day-container\" data-units-booked=\"1\" data-units-left=\"0\"><\/span><\/td>\n\t\t\t\t\t\t\t\t\t\t<td class=\"vbo-occupied-cell vbo-checkinday-cell vbo-checkoutday-cell\" data-cell-date=\"04\/05\/2026\" data-cell-ts=\"1777849200\"><span class=\"vbo-availability-day-container\" data-units-booked=\"1\" data-units-left=\"0\"><\/span><\/td>\n\t\t\t\t\t\t\t\t\t\t<td class=\"vbo-occupied-cell\" data-cell-date=\"05\/05\/2026\" data-cell-ts=\"1777935600\"><span class=\"vbo-availability-day-container\" data-units-booked=\"1\" data-units-left=\"0\"><\/span><\/td>\n\t\t\t\t\t\t\t\t\t\t<td class=\"vbo-occupied-cell\" data-cell-date=\"06\/05\/2026\" data-cell-ts=\"1778022000\"><span class=\"vbo-availability-day-container\" data-units-booked=\"1\" data-units-left=\"0\"><\/span><\/td>\n\t\t\t\t\t\t\t\t\t\t<td class=\"vbo-free-cell\" data-cell-date=\"07\/05\/2026\" data-cell-ts=\"1778108400\"><\/td>\n\t\t\t\t\t\t\t\t\t\t<td class=\"vbo-occupied-cell vbo-checkinday-cell\" data-cell-date=\"08\/05\/2026\" data-cell-ts=\"1778194800\"><span class=\"vbo-availability-day-container\" data-units-booked=\"1\" data-units-left=\"0\"><\/span><\/td>\n\t\t\t\t\t\t\t\t\t\t<td class=\"vbo-occupied-cell\" data-cell-date=\"09\/05\/2026\" data-cell-ts=\"1778281200\"><span class=\"vbo-availability-day-container\" data-units-booked=\"1\" data-units-left=\"0\"><\/span><\/td>\n\t\t\t\t\t\t\t\t\t\t<td class=\"vbo-occupied-cell\" data-cell-date=\"10\/05\/2026\" data-cell-ts=\"1778367600\"><span class=\"vbo-availability-day-container\" data-units-booked=\"1\" data-units-left=\"0\"><\/span><\/td>\n\t\t\t\t\t\t\t\t\t\t<td class=\"vbo-occupied-cell vbo-checkinday-cell vbo-checkoutday-cell\" data-cell-date=\"11\/05\/2026\" data-cell-ts=\"1778454000\"><span class=\"vbo-availability-day-container\" data-units-booked=\"1\" data-units-left=\"0\"><\/span><\/td>\n\t\t\t\t\t\t\t\t\t\t<td class=\"vbo-occupied-cell\" data-cell-date=\"12\/05\/2026\" data-cell-ts=\"1778540400\"><span class=\"vbo-availability-day-container\" data-units-booked=\"1\" data-units-left=\"0\"><\/span><\/td>\n\t\t\t\t\t\t\t\t\t\t<td class=\"vbo-occupied-cell vbo-checkinday-cell vbo-checkoutday-cell\" data-cell-date=\"13\/05\/2026\" data-cell-ts=\"1778626800\"><span class=\"vbo-availability-day-container\" data-units-booked=\"1\" data-units-left=\"0\"><\/span><\/td>\n\t\t\t\t\t\t\t\t\t\t<td class=\"vbo-occupied-cell vbo-checkinday-cell vbo-checkoutday-cell\" data-cell-date=\"14\/05\/2026\" data-cell-ts=\"1778713200\"><span class=\"vbo-availability-day-container\" data-units-booked=\"1\" data-units-left=\"0\"><\/span><\/td>\n\t\t\t\t\t\t\t\t\t\t<td class=\"vbo-occupied-cell\" data-cell-date=\"15\/05\/2026\" data-cell-ts=\"1778799600\"><span class=\"vbo-availability-day-container\" data-units-booked=\"1\" data-units-left=\"0\"><\/span><\/td>\n\t\t\t\t\t\t\t\t\t\t<td class=\"vbo-occupied-cell\" data-cell-date=\"16\/05\/2026\" data-cell-ts=\"1778886000\"><span class=\"vbo-availability-day-container\" data-units-booked=\"1\" data-units-left=\"0\"><\/span><\/td>\n\t\t\t\t\t\t\t\t\t\t<td class=\"vbo-occupied-cell\" data-cell-date=\"17\/05\/2026\" data-cell-ts=\"1778972400\"><span class=\"vbo-availability-day-container\" data-units-booked=\"1\" data-units-left=\"0\"><\/span><\/td>\n\t\t\t\t\t\t\t\t\t\t<td class=\"vbo-free-cell\" data-cell-date=\"18\/05\/2026\" data-cell-ts=\"1779058800\"><\/td>\n\t\t\t\t\t\t\t\t\t\t<td class=\"vbo-free-cell\" data-cell-date=\"19\/05\/2026\" data-cell-ts=\"1779145200\"><\/td>\n\t\t\t\t\t\t\t\t\t\t<td class=\"vbo-free-cell\" data-cell-date=\"20\/05\/2026\" data-cell-ts=\"1779231600\"><\/td>\n\t\t\t\t\t\t\t\t\t\t<td class=\"vbo-free-cell\" data-cell-date=\"21\/05\/2026\" data-cell-ts=\"1779318000\"><\/td>\n\t\t\t\t\t\t\t\t\t\t<td class=\"vbo-free-cell\" data-cell-date=\"22\/05\/2026\" data-cell-ts=\"1779404400\"><\/td>\n\t\t\t\t\t\t\t\t\t\t<td class=\"vbo-occupied-cell vbo-checkinday-cell\" data-cell-date=\"23\/05\/2026\" data-cell-ts=\"1779490800\"><span class=\"vbo-availability-day-container\" data-units-booked=\"1\" data-units-left=\"0\"><\/span><\/td>\n\t\t\t\t\t\t\t\t\t\t<td class=\"vbo-occupied-cell\" data-cell-date=\"24\/05\/2026\" data-cell-ts=\"1779577200\"><span class=\"vbo-availability-day-container\" data-units-booked=\"1\" data-units-left=\"0\"><\/span><\/td>\n\t\t\t\t\t\t\t\t\t\t<td class=\"vbo-occupied-cell\" data-cell-date=\"25\/05\/2026\" data-cell-ts=\"1779663600\"><span class=\"vbo-availability-day-container\" data-units-booked=\"1\" data-units-left=\"0\"><\/span><\/td>\n\t\t\t\t\t\t\t\t\t\t<td class=\"vbo-occupied-cell vbo-checkinday-cell vbo-checkoutday-cell\" data-cell-date=\"26\/05\/2026\" data-cell-ts=\"1779750000\"><span class=\"vbo-availability-day-container\" data-units-booked=\"1\" data-units-left=\"0\"><\/span><\/td>\n\t\t\t\t\t\t\t\t\t\t<td class=\"vbo-occupied-cell\" data-cell-date=\"27\/05\/2026\" data-cell-ts=\"1779836400\"><span class=\"vbo-availability-day-container\" data-units-booked=\"1\" data-units-left=\"0\"><\/span><\/td>\n\t\t\t\t\t\t\t\t\t\t<td class=\"vbo-occupied-cell\" data-cell-date=\"28\/05\/2026\" data-cell-ts=\"1779922800\"><span class=\"vbo-availability-day-container\" data-units-booked=\"1\" data-units-left=\"0\"><\/span><\/td>\n\t\t\t\t\t\t\t\t\t\t<td class=\"vbo-occupied-cell vbo-checkinday-cell vbo-checkoutday-cell\" data-cell-date=\"29\/05\/2026\" data-cell-ts=\"1780009200\"><span class=\"vbo-availability-day-container\" data-units-booked=\"1\" data-units-left=\"0\"><\/span><\/td>\n\t\t\t\t\t\t\t\t\t\t<td class=\"vbo-occupied-cell\" data-cell-date=\"30\/05\/2026\" data-cell-ts=\"1780095600\"><span class=\"vbo-availability-day-container\" data-units-booked=\"1\" data-units-left=\"0\"><\/span><\/td>\n\t\t\t\t\t\t\t\t\t\t<td class=\"vbo-occupied-cell\" data-cell-date=\"31\/05\/2026\" data-cell-ts=\"1780182000\"><span class=\"vbo-availability-day-container\" data-units-booked=\"1\" data-units-left=\"0\"><\/span><\/td>\n\t\t\t\t\t\t\t\t\t<\/tr>\n\t\t\t<\/table>\n\t\t<\/div>\n\t<\/div>\n\t<\/div>\n\n<script type=\"text\/javascript\">\njQuery(function() {\n\tjQuery(\".vbo-free-cell, .vbo-partially-cell\").click(function() {\n\t\tvar idroom = jQuery(this).closest(\"table\").attr(\"data-room-table\");\n\t\tvar celldate = jQuery(this).attr(\"data-cell-date\");\n\t\tvar cellts = jQuery(this).attr(\"data-cell-ts\");\n\t\tif (idroom.length && celldate.length && cellts.length) {\n\t\t\tjQuery(\"#vbo-av-checkin-\"+idroom).hide().find(\"span\").text(\"\");\n\t\t\tif (jQuery(\"#vbo-av-btn-\"+idroom).length) {\n\t\t\t\tvar btnlink = jQuery(\"#vbo-av-btn-\"+idroom).attr(\"href\");\n\t\t\t\tif (jQuery(this).hasClass(\"vbo-cell-selected-arrival\")) {\n\t\t\t\t\tjQuery(\"#vbo-av-table-\"+idroom).find(\"tr\").find(\"td\").removeClass(\"vbo-cell-selected-arrival\");\n\t\t\t\t\tjQuery(\"#vbo-av-checkin-\"+idroom).fadeOut().find(\"span\").text(celldate);\n\t\t\t\t\tbtnlink = btnlink.replace(\/(checkin=)[^\\&]+\/, '$1' + \"-1\");\n\t\t\t\t} else {\n\t\t\t\t\tjQuery(\"#vbo-av-table-\"+idroom).find(\"tr\").find(\"td\").removeClass(\"vbo-cell-selected-arrival\");\n\t\t\t\t\tjQuery(this).addClass(\"vbo-cell-selected-arrival\");\n\t\t\t\t\tjQuery(\"#vbo-av-checkin-\"+idroom).fadeIn().find(\"span\").text(celldate);\n\t\t\t\t\tbtnlink = btnlink.replace(\/(checkin=)[^\\&]+\/, '$1' + cellts);\n\t\t\t\t}\n\t\t\t\tjQuery(\"#vbo-av-btn-\"+idroom).attr(\"href\", btnlink);\n\t\t\t}\n\t\t}\n\t});\n});\n<\/script>\n\n<\/div>","protected":false},"excerpt":{"rendered":"","protected":false},"author":1,"featured_media":0,"parent":0,"menu_order":0,"comment_status":"closed","ping_status":"closed","template":"","meta":{"iawp_total_views":60,"footnotes":""},"class_list":["post-9152","page","type-page","status-publish","hentry"],"_links":{"self":[{"href":"https:\/\/oportolemonfarm.com\/fr\/wp-json\/wp\/v2\/pages\/9152","targetHints":{"allow":["GET"]}}],"collection":[{"href":"https:\/\/oportolemonfarm.com\/fr\/wp-json\/wp\/v2\/pages"}],"about":[{"href":"https:\/\/oportolemonfarm.com\/fr\/wp-json\/wp\/v2\/types\/page"}],"author":[{"embeddable":true,"href":"https:\/\/oportolemonfarm.com\/fr\/wp-json\/wp\/v2\/users\/1"}],"replies":[{"embeddable":true,"href":"https:\/\/oportolemonfarm.com\/fr\/wp-json\/wp\/v2\/comments?post=9152"}],"version-history":[{"count":0,"href":"https:\/\/oportolemonfarm.com\/fr\/wp-json\/wp\/v2\/pages\/9152\/revisions"}],"wp:attachment":[{"href":"https:\/\/oportolemonfarm.com\/fr\/wp-json\/wp\/v2\/media?parent=9152"}],"curies":[{"name":"wp","href":"https:\/\/api.w.org\/{rel}","templated":true}]}}