{"id":7998,"date":"2025-05-23T11:07:03","date_gmt":"2025-05-23T11:07:03","guid":{"rendered":"https:\/\/oportolemonfarm.com\/?post_type=product&#038;p=7998"},"modified":"2026-02-27T12:57:30","modified_gmt":"2026-02-27T12:57:30","slug":"limoncello-organico","status":"publish","type":"product","link":"https:\/\/oportolemonfarm.com\/fr\/produit\/limoncello-organico\/","title":{"rendered":"Limoncello biologique"},"content":{"rendered":"<p data-start=\"216\" data-end=\"241\"><strong data-start=\"216\" data-end=\"241\">Produit au Portugal<\/strong><\/p>\n<p data-start=\"453\" data-end=\"691\">Cette liqueur de qualit\u00e9 sup\u00e9rieure est produite dans une distillerie portugaise traditionnelle, selon la m\u00e9thode italienne originale. Nous n'utilisons que l'\u00e9corce des citrons, mac\u00e9r\u00e9e \u00e0 100% pour garantir un ar\u00f4me intense d'agrumes et une saveur velout\u00e9e incomparable.<\/p>\n<p data-start=\"693\" data-end=\"801\">La bouteille, fabriqu\u00e9e \u00e0 partir de verre recycl\u00e9, refl\u00e8te notre engagement en faveur du d\u00e9veloppement durable, de l'arbre au verre.<\/p>\n<p data-start=\"983\" data-end=\"1091\"><strong data-start=\"983\" data-end=\"994\">Volume :<\/strong> 700ml<br data-start=\"1000\" data-end=\"1003\" \/><strong data-start=\"1003\" data-end=\"1022\">Taux d'alcool :<\/strong> 30%<\/p>","protected":false},"excerpt":{"rendered":"<p>Produit au Portugal Cette liqueur de qualit\u00e9 sup\u00e9rieure est produite dans une distillerie portugaise traditionnelle, selon la m\u00e9thode italienne originale. Nous n'utilisons que l'\u00e9corce des citrons, mac\u00e9r\u00e9e \u00e0 100% pour garantir un ar\u00f4me intense d'agrumes et une saveur velout\u00e9e incomparable. La bouteille, fabriqu\u00e9e en verre recycl\u00e9, refl\u00e8te notre engagement en faveur de la durabilit\u00e9, de l'arbre au verre. Volume : [...]<\/p>","protected":false},"featured_media":9404,"template":"","meta":{"iawp_total_views":7302},"product_brand":[],"product_cat":[24],"product_tag":[27],"class_list":{"0":"post-7998","1":"product","2":"type-product","3":"status-publish","4":"has-post-thumbnail","6":"product_cat-sem-categoria","7":"product_tag-produto-artesanal","9":"first","10":"instock","11":"sale","12":"taxable","13":"shipping-taxable","14":"purchasable","15":"product-type-simple"},"_links":{"self":[{"href":"https:\/\/oportolemonfarm.com\/fr\/wp-json\/wp\/v2\/product\/7998","targetHints":{"allow":["GET"]}}],"collection":[{"href":"https:\/\/oportolemonfarm.com\/fr\/wp-json\/wp\/v2\/product"}],"about":[{"href":"https:\/\/oportolemonfarm.com\/fr\/wp-json\/wp\/v2\/types\/product"}],"wp:featuredmedia":[{"embeddable":true,"href":"https:\/\/oportolemonfarm.com\/fr\/wp-json\/wp\/v2\/media\/9404"}],"wp:attachment":[{"href":"https:\/\/oportolemonfarm.com\/fr\/wp-json\/wp\/v2\/media?parent=7998"}],"wp:term":[{"taxonomy":"product_brand","embeddable":true,"href":"https:\/\/oportolemonfarm.com\/fr\/wp-json\/wp\/v2\/product_brand?post=7998"},{"taxonomy":"product_cat","embeddable":true,"href":"https:\/\/oportolemonfarm.com\/fr\/wp-json\/wp\/v2\/product_cat?post=7998"},{"taxonomy":"product_tag","embeddable":true,"href":"https:\/\/oportolemonfarm.com\/fr\/wp-json\/wp\/v2\/product_tag?post=7998"}],"curies":[{"name":"wp","href":"https:\/\/api.w.org\/{rel}","templated":true}]}}